{"id":1243,"date":"2026-03-14T17:01:37","date_gmt":"2026-03-14T17:01:37","guid":{"rendered":"https:\/\/www.conwastepr.com\/?page_id=1243"},"modified":"2026-03-17T16:46:45","modified_gmt":"2026-03-17T16:46:45","slug":"our-company","status":"publish","type":"page","link":"https:\/\/www.conwastepr.com\/en\/nuestra-empresa\/","title":{"rendered":"Our Company"},"content":{"rendered":"<div class=\"wp-block-cover\"><img loading=\"lazy\" decoding=\"async\" width=\"1024\" height=\"424\" class=\"wp-block-cover__image-background wp-image-1261 size-large\" alt=\"\" src=\"https:\/\/www.conwastepr.com\/wp-content\/uploads\/2026\/03\/Nuestra-Empresa-nuestra-gente-COnWaste-1024x424.png\" data-object-fit=\"cover\" srcset=\"https:\/\/www.conwastepr.com\/wp-content\/uploads\/2026\/03\/Nuestra-Empresa-nuestra-gente-COnWaste-1024x424.png 1024w, https:\/\/www.conwastepr.com\/wp-content\/uploads\/2026\/03\/Nuestra-Empresa-nuestra-gente-COnWaste-300x124.png 300w, https:\/\/www.conwastepr.com\/wp-content\/uploads\/2026\/03\/Nuestra-Empresa-nuestra-gente-COnWaste-768x318.png 768w, https:\/\/www.conwastepr.com\/wp-content\/uploads\/2026\/03\/Nuestra-Empresa-nuestra-gente-COnWaste-1536x636.png 1536w, https:\/\/www.conwastepr.com\/wp-content\/uploads\/2026\/03\/Nuestra-Empresa-nuestra-gente-COnWaste-2048x848.png 2048w, https:\/\/www.conwastepr.com\/wp-content\/uploads\/2026\/03\/Nuestra-Empresa-nuestra-gente-COnWaste-18x7.png 18w\" sizes=\"auto, (max-width: 1024px) 100vw, 1024px\" \/><span aria-hidden=\"true\" class=\"wp-block-cover__background has-background-dim\" style=\"background-color:#606584\"><\/span><div class=\"wp-block-cover__inner-container is-layout-flow wp-block-cover-is-layout-flow\">\n<p class=\"has-text-align-center has-large-font-size\"><strong>Behind Every Service: A Team Committed to Puerto Rico.<\/strong><\/p>\n<\/div><\/div>\n\n\n\n<section class=\"wp-block-uagb-columns uagb-columns__wrap uagb-columns__background-color uagb-columns__stack-mobile uagb-columns__valign- uagb-columns__gap-10 align uagb-block-0b59748c uagb-columns__columns-1 uagb-columns__max_width-custom\"><div class=\"uagb-columns__overlay\"><\/div><div class=\"uagb-columns__inner-wrap uagb-columns__columns-1\">\n<div class=\"wp-block-uagb-column uagb-column__wrap uagb-column__background-undefined uagb-block-eb71ef87\"><div class=\"uagb-column__overlay\"><\/div>\n<p class=\"has-medium-font-size\"><strong>WHO WE ARE<\/strong><\/p>\n\n\n\n<p style=\"font-size:17px\"><strong>More than 30 years leading the solid waste management industry in Puerto Rico.<\/strong><\/p>\n\n\n\n<p style=\"font-size:16px\">We are a purely Puerto Rican company, founded in 1993, dedicated to offering integral solutions in the management of municipal, commercial and regulated biomedical waste. Our experience extends to the design of recycling programs, management of landfill systems (landfills) and specialized maintenance of vehicle fleets. Our operational capacity allows us to serve with punctuality to\u00a0<strong>more than 700,000 residences weekly<\/strong>\u00a0and provide customized solutions to\u00a0<strong>over 7,000 commercial customers<\/strong>\u00a0throughout the island.<\/p>\n\n\n\n<p style=\"font-size:16px\">We distinguish ourselves by being the first company in Puerto Rico capable of producing renewable energy through methane gas generated by the decomposition of waste, injecting clean energy directly into our national power grid.<\/p>\n\n\n\n<h2 class=\"wp-block-heading\" style=\"font-size:17px\">A Legacy of Excellence and Leadership<\/h2>\n\n\n\n<p style=\"font-size:16px\">Our commitment to innovation and the environment has positioned us as a benchmark in the industry:<br><br><strong>-International Recognition:<\/strong>\u00a0We occupy the\u00a0<strong>29th position<\/strong>\u00a0in the prestigious list\u00a0<strong>\u201cThe 50 Largest Waste and Recycling Firms in North America\u201d.\u201d<\/strong>\u00a0Waste360, the only Puerto Rican company to receive this distinction.<br><br>\u2013<strong>Labor Excellence:<\/strong>\u00a0In 2022, we made history by becoming the first company in our industry to be awarded the\u00a0<strong>Best Patterns<\/strong>\u00a0in Puerto Rico.<br><br>\u2013<strong>Environmental Compliance:\u00a0<\/strong>Our disposal and recycling facilities have the highest ratings from state and federal environmental regulatory agencies.<\/p>\n<\/div>\n<\/div><\/section>\n\n\n\n<section class=\"wp-block-uagb-columns uagb-columns__wrap uagb-columns__background-color uagb-columns__stack-mobile uagb-columns__valign- uagb-columns__gap-10 align uagb-block-dc191ff1 uagb-columns__columns-1 uagb-columns__max_width-custom\"><div class=\"uagb-columns__overlay\"><\/div><div class=\"uagb-columns__inner-wrap uagb-columns__columns-1\">\n<div class=\"wp-block-uagb-column uagb-column__wrap uagb-column__background-undefined uagb-block-aea271e1\"><div class=\"uagb-column__overlay\"><\/div>\n<p class=\"has-white-color has-text-color has-link-color has-medium-font-size wp-elements-3a28b2ca3d16800b4fa7aaa4827fbd0f\"><strong>We recognize our responsibility to the future and work daily to minimize our environmental impact, preserving our Puerto Rico and the planet for future generations.<\/strong><\/p>\n<\/div>\n<\/div><\/section>\n\n\n\n<section class=\"wp-block-uagb-columns uagb-columns__wrap uagb-columns__background-color uagb-columns__stack-mobile uagb-columns__valign- uagb-columns__gap-10 align uagb-block-42e3ec03 uagb-columns__columns-3 uagb-columns__max_width-custom\"><div class=\"uagb-columns__overlay\"><\/div><div class=\"uagb-columns__inner-wrap uagb-columns__columns-3\">\n<div class=\"wp-block-uagb-column uagb-column__wrap uagb-column__background-undefined uagb-block-c69ffc3c\"><div class=\"uagb-column__overlay\"><\/div>\n<h2 class=\"wp-block-heading has-text-color has-link-color wp-elements-8cd28169b4a9dd2d842605e4216d8214\" style=\"color:#072947\">Mission<\/h2>\n\n\n\n<p class=\"has-text-color has-link-color wp-elements-9793c7ea70ce635acb2318afd4e62890\" style=\"color:#072947\">We are a Puerto Rican company, experts in offering environmental and fleet maintenance services; committed to quality, service and innovation; through advanced technology and harmony with the environment.<\/p>\n<\/div>\n\n\n\n<div class=\"wp-block-uagb-column uagb-column__wrap uagb-column__background-undefined uagb-block-4536b3b6\"><div class=\"uagb-column__overlay\"><\/div>\n<h2 class=\"wp-block-heading has-text-color has-link-color wp-elements-06c2d90d8b9a3f15cf7d8fc41ce68169\" style=\"color:#072947\">Vision<\/h2>\n\n\n\n<p class=\"has-text-color has-link-color wp-elements-d8365c86fb109acde7319dfca1c18e65\" style=\"color:#072947\">Through operational and business excellence, we are leaders in offering environmental and fleet maintenance services; consistent with the protection and defense of the environment, and committed to\u00a0<\/p>\n\n\n\n<p class=\"has-text-color has-link-color wp-elements-8e46d439717a066615eab24edd46abf8\" style=\"color:#072947\">with quality, service and constant innovation.<\/p>\n<\/div>\n\n\n\n<div class=\"wp-block-uagb-column uagb-column__wrap uagb-column__background-undefined uagb-block-4ebea03e\"><div class=\"uagb-column__overlay\"><\/div>\n<h2 class=\"wp-block-heading has-text-color has-link-color wp-elements-7ff86e40160c69f73ca184148c69b2b0\" style=\"color:#072947\">Values<\/h2>\n\n\n\n<p class=\"has-text-color has-link-color wp-elements-1b0326ae817a31b99b721d15bdbb5cca\" style=\"color:#072947\">Integrity<br>Individual Responsibility<br>Excellence<br>Social commitment to the environment<br>Ethics<\/p>\n\n\n\n<p><\/p>\n\n\n\n<p><\/p>\n<\/div>\n<\/div><\/section>\n\n\n\n<section class=\"wp-block-uagb-columns uagb-columns__wrap uagb-columns__background-color uagb-columns__stack-mobile uagb-columns__valign- uagb-columns__gap-10 align uagb-block-a8062d49 uagb-columns__columns-1 uagb-columns__max_width-theme\"><div class=\"uagb-columns__overlay\"><\/div><div class=\"uagb-columns__inner-wrap uagb-columns__columns-1\">\n<div class=\"wp-block-uagb-column uagb-column__wrap uagb-column__background-undefined uagb-block-63d34e50\"><div class=\"uagb-column__overlay\"><\/div>\n<figure class=\"wp-block-image size-large\"><img loading=\"lazy\" decoding=\"async\" width=\"1024\" height=\"612\" src=\"https:\/\/www.conwastepr.com\/wp-content\/uploads\/2026\/03\/IMG_9591-1024x612.jpg\" alt=\"\" class=\"wp-image-1282\" srcset=\"https:\/\/www.conwastepr.com\/wp-content\/uploads\/2026\/03\/IMG_9591-1024x612.jpg 1024w, https:\/\/www.conwastepr.com\/wp-content\/uploads\/2026\/03\/IMG_9591-300x179.jpg 300w, https:\/\/www.conwastepr.com\/wp-content\/uploads\/2026\/03\/IMG_9591-768x459.jpg 768w, https:\/\/www.conwastepr.com\/wp-content\/uploads\/2026\/03\/IMG_9591-18x12.jpg 18w, https:\/\/www.conwastepr.com\/wp-content\/uploads\/2026\/03\/IMG_9591.avif 1200w\" sizes=\"auto, (max-width: 1024px) 100vw, 1024px\" \/><\/figure>\n\n\n\n<figure class=\"wp-block-image size-large\"><img loading=\"lazy\" decoding=\"async\" width=\"2560\" height=\"1706\" src=\"https:\/\/www.conwastepr.com\/wp-content\/uploads\/2026\/03\/DSC03620-edited-scaled.jpg\" alt=\"\" class=\"wp-image-1288\" srcset=\"https:\/\/www.conwastepr.com\/wp-content\/uploads\/2026\/03\/DSC03620-edited-scaled.jpg 2560w, https:\/\/www.conwastepr.com\/wp-content\/uploads\/2026\/03\/DSC03620-edited-300x200.jpg 300w, https:\/\/www.conwastepr.com\/wp-content\/uploads\/2026\/03\/DSC03620-edited-1024x682.jpg 1024w, https:\/\/www.conwastepr.com\/wp-content\/uploads\/2026\/03\/DSC03620-edited-768x512.jpg 768w, https:\/\/www.conwastepr.com\/wp-content\/uploads\/2026\/03\/DSC03620-edited-693x462.jpg 693w, https:\/\/www.conwastepr.com\/wp-content\/uploads\/2026\/03\/DSC03620-edited-1536x1024.jpg 1536w, https:\/\/www.conwastepr.com\/wp-content\/uploads\/2026\/03\/DSC03620-edited-2048x1365.jpg 2048w, https:\/\/www.conwastepr.com\/wp-content\/uploads\/2026\/03\/DSC03620-edited-18x12.jpg 18w, https:\/\/www.conwastepr.com\/wp-content\/uploads\/2026\/03\/DSC03620-edited-600x400.jpg 600w\" sizes=\"auto, (max-width: 2560px) 100vw, 2560px\" \/><\/figure>\n\n\n\n<figure class=\"wp-block-image size-large\"><img loading=\"lazy\" decoding=\"async\" width=\"2048\" height=\"1365\" src=\"https:\/\/www.conwastepr.com\/wp-content\/uploads\/2026\/03\/IMG_9592-edited.jpg\" alt=\"\" class=\"wp-image-1286\" srcset=\"https:\/\/www.conwastepr.com\/wp-content\/uploads\/2026\/03\/IMG_9592-edited.jpg 2048w, https:\/\/www.conwastepr.com\/wp-content\/uploads\/2026\/03\/IMG_9592-edited-300x200.jpg 300w, https:\/\/www.conwastepr.com\/wp-content\/uploads\/2026\/03\/IMG_9592-edited-1024x683.jpg 1024w, https:\/\/www.conwastepr.com\/wp-content\/uploads\/2026\/03\/IMG_9592-edited-768x512.jpg 768w, https:\/\/www.conwastepr.com\/wp-content\/uploads\/2026\/03\/IMG_9592-edited-693x462.jpg 693w, https:\/\/www.conwastepr.com\/wp-content\/uploads\/2026\/03\/IMG_9592-edited-1536x1024.jpg 1536w, https:\/\/www.conwastepr.com\/wp-content\/uploads\/2026\/03\/IMG_9592-edited-18x12.jpg 18w, https:\/\/www.conwastepr.com\/wp-content\/uploads\/2026\/03\/IMG_9592-edited-600x400.jpg 600w\" sizes=\"auto, (max-width: 2048px) 100vw, 2048px\" \/><\/figure>\n<\/div>\n<\/div><\/section>","protected":false},"excerpt":{"rendered":"<p>QUI\u00c9NES SOMOS M\u00e1s de 30 a\u00f1os liderando la industria del manejo de desperdicios s\u00f3lidos en Puerto Rico. Somos una empresa netamente puertorrique\u00f1a, fundada en 1993, dedicada a ofrecer soluciones integrales en el manejo de desperdicios municipales, comerciales y biom\u00e9dicos regulados. Nuestra experiencia se extiende al dise\u00f1o de programas de reciclaje, administraci\u00f3n de Sistemas de Relleno Sanitario (vertederos) y mantenimiento especializado [&hellip;]<\/p>\n","protected":false},"author":2,"featured_media":0,"parent":0,"menu_order":0,"comment_status":"closed","ping_status":"closed","template":"page-templates\/full-width.php","meta":{"_uag_custom_page_level_css":"","_monsterinsights_skip_tracking":false,"_monsterinsights_sitenote_active":false,"_monsterinsights_sitenote_note":"","_monsterinsights_sitenote_category":0,"footnotes":""},"class_list":["post-1243","page","type-page","status-publish","hentry"],"uagb_featured_image_src":{"full":false,"thumbnail":false,"medium":false,"medium_large":false,"large":false,"elegant_blocks_team_1":false,"elegant_blocks_blog_1":false,"elegant_blocks_slider_1":false,"1536x1536":false,"2048x2048":false,"trp-custom-language-flag":false,"bizberg_medium":false,"bizberg_gallery":false,"bizberg_blog_list":false,"bizberg_detail_image":false,"bizberg_portfolio_homepage":false,"bizberg_blog_list_no_sidebar_1":false,"bizberg_detail_image_no_sidebar":false},"uagb_author_info":{"display_name":"jesparra","author_link":"https:\/\/www.conwastepr.com\/en\/author\/jesparra\/"},"uagb_comment_info":0,"uagb_excerpt":"QUI\u00c9NES SOMOS M\u00e1s de 30 a\u00f1os liderando la industria del manejo de desperdicios s\u00f3lidos en Puerto Rico. Somos una empresa netamente puertorrique\u00f1a, fundada en 1993, dedicada a ofrecer soluciones integrales en el manejo de desperdicios municipales, comerciales y biom\u00e9dicos regulados. Nuestra experiencia se extiende al dise\u00f1o de programas de reciclaje, administraci\u00f3n de Sistemas de Relleno&hellip;","_links":{"self":[{"href":"https:\/\/www.conwastepr.com\/en\/wp-json\/wp\/v2\/pages\/1243","targetHints":{"allow":["GET"]}}],"collection":[{"href":"https:\/\/www.conwastepr.com\/en\/wp-json\/wp\/v2\/pages"}],"about":[{"href":"https:\/\/www.conwastepr.com\/en\/wp-json\/wp\/v2\/types\/page"}],"author":[{"embeddable":true,"href":"https:\/\/www.conwastepr.com\/en\/wp-json\/wp\/v2\/users\/2"}],"replies":[{"embeddable":true,"href":"https:\/\/www.conwastepr.com\/en\/wp-json\/wp\/v2\/comments?post=1243"}],"version-history":[{"count":19,"href":"https:\/\/www.conwastepr.com\/en\/wp-json\/wp\/v2\/pages\/1243\/revisions"}],"predecessor-version":[{"id":1369,"href":"https:\/\/www.conwastepr.com\/en\/wp-json\/wp\/v2\/pages\/1243\/revisions\/1369"}],"wp:attachment":[{"href":"https:\/\/www.conwastepr.com\/en\/wp-json\/wp\/v2\/media?parent=1243"}],"curies":[{"name":"wp","href":"https:\/\/api.w.org\/{rel}","templated":true}]}}