{"id":307,"date":"2020-01-15T15:04:28","date_gmt":"2020-01-15T15:04:28","guid":{"rendered":"https:\/\/www.conwastepr.com\/?page_id=307"},"modified":"2023-05-17T20:32:29","modified_gmt":"2023-05-17T20:32:29","slug":"recycling","status":"publish","type":"page","link":"https:\/\/www.conwastepr.com\/en\/reciclaje\/","title":{"rendered":"Recycling"},"content":{"rendered":"<div class=\"wp-block-cover aligncenter is-light\" style=\"min-height:280px;aspect-ratio:unset;\"><span aria-hidden=\"true\" class=\"wp-block-cover__background has-background-dim\"><\/span><img loading=\"lazy\" decoding=\"async\" width=\"1000\" height=\"563\" class=\"wp-block-cover__image-background wp-image-562\" src=\"https:\/\/www.conwastepr.com\/wp-content\/uploads\/2020\/02\/recicla_2-1.png\" data-object-fit=\"cover\" srcset=\"https:\/\/www.conwastepr.com\/wp-content\/uploads\/2020\/02\/recicla_2-1.png 1000w, https:\/\/www.conwastepr.com\/wp-content\/uploads\/2020\/02\/recicla_2-1-300x169.png 300w, https:\/\/www.conwastepr.com\/wp-content\/uploads\/2020\/02\/recicla_2-1-768x432.png 768w\" sizes=\"auto, (max-width: 1000px) 100vw, 1000px\" \/><div class=\"wp-block-cover__inner-container is-layout-flow wp-block-cover-is-layout-flow\">\n<div class=\"wp-block-uagb-advanced-heading uagb-block-8ead9b07\"><h2 class=\"uagb-heading-text\"><span class=\"uppercase\">Recycling<\/span><\/h2><\/div>\n\n\n\n<p class=\"has-text-align-center\" style=\"font-size:60px\"><\/p>\n<\/div><\/div>\n\n\n\n<section class=\"wp-block-uagb-columns uagb-columns__wrap uagb-columns__background-color uagb-columns__stack-tablet uagb-columns__valign- uagb-columns__gap-10 align uagb-block-2f107225 uagb-columns__columns-2 uagb-columns__max_width-custom\"><div class=\"uagb-columns__overlay\"><\/div><div class=\"uagb-columns__inner-wrap uagb-columns__columns-2\">\n<div class=\"wp-block-uagb-column uagb-column__wrap uagb-column__background-undefined uagb-block-900d4ac3\"><div class=\"uagb-column__overlay\"><\/div>\n<div class=\"wp-block-uagb-advanced-heading uagb-block-75f62e0b\" id=\"uagb-adv-heading-9f3e7005-50a4-4f16-8f7d-3da59546c0fd\"><h2 class=\"uagb-heading-text\">What is Recycling?<\/h2><p class=\"uagb-desc-text\">A method or process by which materials are diverted from being deposited in a landfill and are sorted, reused or processed so that new items can be created or put to new uses.<br><\/p><\/div>\n\n\n\n<div class=\"wp-block-uagb-advanced-heading uagb-block-e3d3eab3\" id=\"uagb-adv-heading-9f3e7005-50a4-4f16-8f7d-3da59546c0fd\"><h2 class=\"uagb-heading-text\">Benefits of recycling:<\/h2><p class=\"uagb-desc-text\">- You reduce your ecological footprint.<br>- Preservation of natural resources.<br>- Contamination reduction.<br>- Energy saving.<br>- You consume responsibly.<br>- Extends the useful life of landfills.<\/p><\/div>\n\n\n\n<p><\/p>\n<\/div>\n\n\n\n<div class=\"wp-block-uagb-column uagb-column__wrap uagb-column__background-undefined uagb-block-53081c1c\"><div class=\"uagb-column__overlay\"><\/div>\n<figure class=\"wp-block-image size-large\"><img loading=\"lazy\" decoding=\"async\" width=\"525\" height=\"604\" src=\"https:\/\/www.conwastepr.com\/wp-content\/uploads\/2020\/11\/reciclar.jpg\" alt=\"\" class=\"wp-image-991\" srcset=\"https:\/\/www.conwastepr.com\/wp-content\/uploads\/2020\/11\/reciclar.jpg 525w, https:\/\/www.conwastepr.com\/wp-content\/uploads\/2020\/11\/reciclar-261x300.jpg 261w\" sizes=\"auto, (max-width: 525px) 100vw, 525px\" \/><\/figure>\n<\/div>\n<\/div><\/section>\n\n\n\n<section class=\"wp-block-uagb-columns uagb-columns__wrap uagb-columns__background-color uagb-columns__stack-mobile uagb-columns__valign- uagb-columns__gap-10 align uagb-block-1f24829b uagb-columns__columns-1 uagb-columns__max_width-custom\"><div class=\"uagb-columns__overlay\"><\/div><div class=\"uagb-columns__inner-wrap uagb-columns__columns-1\">\n<div class=\"wp-block-uagb-column uagb-column__wrap uagb-column__background-undefined uagb-block-15ceaaef\"><div class=\"uagb-column__overlay\"><\/div>\n<div class=\"wp-block-uagb-advanced-heading uagb-block-e2cd5410\"><h2 class=\"uagb-heading-text\">We are the leader in residential waste collection and recycling programs!<\/h2><\/div>\n<\/div>\n<\/div><\/section>\n\n\n\n\t\t<div class=\"container eb_block_container\">\n\t\t\t<div id=\"eb_container_w5GhRjLUBi6epUwUXm9f\" class=\"\">\n\t\t\t\t\n\n<p><\/p>\n\n\t\t\t<\/div>\n\t\t<\/div>\n\n\t\t<style>\n\t\t\t\n\t\t\t#eb_container_w5GhRjLUBi6epUwUXm9f {\n\t\t\t\tpadding-top: 80px;\n\t\t\t\tpadding-bottom: 40px;\n\t\t\t\tpadding-left: 0px;\n\t\t\t\tpadding-right: 0px;\n\t\t\t}\n\n\t\t\t@media (min-width: 768px) and (max-width: 1024px) {\n  \n\t\t\t \t#eb_container_w5GhRjLUBi6epUwUXm9f {\n\t\t\t\t\tpadding-top: 30px;\n\t\t\t\t\tpadding-bottom: 0px;\n\t\t\t\t\tpadding-left: 0px;\n\t\t\t\t\tpadding-right: 0px;\n\t\t\t\t}\n\t\t\t  \n\t\t\t}\n\n\t\t\t@media (min-width: 320px) and (max-width: 767px) {\n  \n\t\t\t\t#eb_container_w5GhRjLUBi6epUwUXm9f {\n\t\t\t\t\tpadding-top: 20px;\n\t\t\t\t\tpadding-bottom: 0px;\n\t\t\t\t\tpadding-left: 0px;\n\t\t\t\t\tpadding-right: 0px;\n\t\t\t\t}\n\t\t\t  \n\t\t\t}\n\n\t\t<\/style>\n\n\t\t\n\n\n<div class=\"wp-block-uagb-advanced-heading uagb-block-1d43b8d5\"><h2 class=\"uagb-heading-text\">What system do we use in our plants to process recycling?<\/h2><div class=\"uagb-separator\"><\/div><p class=\"uagb-desc-text\">SINGLE STREAM, or single stream: all recyclable materials (plastic bottles, paper, newspaper, cardboard, aluminum cans and brass) are placed together in one container directly.<br>Materials should be DRY and CLEAN so as not to contaminate the rest. Remove labels if possible. Do not use bags.<\/p><\/div>\n\n\n\n\t\t<div class=\"container eb_block_container\">\n\t\t\t<div id=\"eb_container_ohSO27z9D4S9J87CzJ5y\" class=\"\">\n\t\t\t\t\n\n<p><\/p>\n\n\t\t\t<\/div>\n\t\t<\/div>\n\n\t\t<style>\n\t\t\t\n\t\t\t#eb_container_ohSO27z9D4S9J87CzJ5y {\n\t\t\t\tpadding-top: 80px;\n\t\t\t\tpadding-bottom: 40px;\n\t\t\t\tpadding-left: 0px;\n\t\t\t\tpadding-right: 0px;\n\t\t\t}\n\n\t\t\t@media (min-width: 768px) and (max-width: 1024px) {\n  \n\t\t\t \t#eb_container_ohSO27z9D4S9J87CzJ5y {\n\t\t\t\t\tpadding-top: 30px;\n\t\t\t\t\tpadding-bottom: 0px;\n\t\t\t\t\tpadding-left: 0px;\n\t\t\t\t\tpadding-right: 0px;\n\t\t\t\t}\n\t\t\t  \n\t\t\t}\n\n\t\t\t@media (min-width: 320px) and (max-width: 767px) {\n  \n\t\t\t\t#eb_container_ohSO27z9D4S9J87CzJ5y {\n\t\t\t\t\tpadding-top: 20px;\n\t\t\t\t\tpadding-bottom: 0px;\n\t\t\t\t\tpadding-left: 0px;\n\t\t\t\t\tpadding-right: 0px;\n\t\t\t\t}\n\t\t\t  \n\t\t\t}\n\n\t\t<\/style>\n\n\t\t\n\n\n<div class=\"wp-block-uagb-advanced-heading uagb-block-fc45ddb1\"><h2 class=\"uagb-heading-text\">We operate the main recycling plants in Puerto Rico:<\/h2><div class=\"uagb-separator\"><\/div><\/div>\n\n\n\n<section class=\"wp-block-uagb-columns uagb-columns__wrap uagb-columns__stack-mobile uagb-columns__valign-top uagb-columns__gap-10 align uagb-block-42ea1969 uagb-columns__columns-1 uagb-columns__max_width-custom\"><div class=\"uagb-columns__overlay\"><\/div><div class=\"uagb-columns__inner-wrap uagb-columns__columns-1\">\n<div class=\"wp-block-uagb-column uagb-column__wrap uagb-column__background-undefined uagb-block-5c68b059\"><div class=\"uagb-column__overlay\"><\/div><div class=\"wp-block-image\">\n<figure class=\"aligncenter size-large\"><img loading=\"lazy\" decoding=\"async\" width=\"355\" height=\"153\" src=\"https:\/\/www.conwastepr.com\/wp-content\/uploads\/2020\/02\/carolina.png\" alt=\"\" class=\"wp-image-657\" srcset=\"https:\/\/www.conwastepr.com\/wp-content\/uploads\/2020\/02\/carolina.png 355w, https:\/\/www.conwastepr.com\/wp-content\/uploads\/2020\/02\/carolina-300x129.png 300w\" sizes=\"auto, (max-width: 355px) 100vw, 355px\" \/><\/figure>\n<\/div>\n\n\t\t\t<div \n\t\t\tclass=\"wp-block-uagb-google-map uagb-google-map__wrap uagb-block-cd07b300\"\n\t\t\tstyle=\"\" >\n\t\t\t\t<embed\n\t\t\t\t\tclass=\"uagb-google-map__iframe\"\n\t\t\t\t\ttitle=\"Google Map for \"\n\t\t\t\t\tsrc=\"https:\/\/maps.google.com\/maps?q=Carolina%20Recycling&z=12&hl=en&t=m&output=embed&iwloc=near\"\n\t\t\t\t\twidth=\"640\"\n\t\t\t\t\theight=\"300\"\n\t\t\t\t\tloading=\"lazy\"\n\t\t\t\t><\/embed>\n\t\t\t<\/div>\n\t\t\t<\/div>\n<\/div><\/section>\n\n\n\n<section class=\"wp-block-uagb-columns uagb-columns__wrap uagb-columns__background-color uagb-columns__stack-mobile uagb-columns__valign- uagb-columns__gap-10 align uagb-block-a1986d0b uagb-columns__columns-1 uagb-columns__max_width-custom\"><div class=\"uagb-columns__overlay\"><\/div><div class=\"uagb-columns__inner-wrap uagb-columns__columns-1\">\n<div class=\"wp-block-uagb-column uagb-column__wrap uagb-column__background-undefined uagb-block-9f7b357d\"><div class=\"uagb-column__overlay\"><\/div>\n<div class=\"wp-block-uagb-advanced-heading uagb-block-8b2ebadb\"><h2 class=\"uagb-heading-text\">What can we recycle?<\/h2><\/div>\n\n\n<div class=\"wp-block-image\">\n<figure class=\"aligncenter size-large\"><img loading=\"lazy\" decoding=\"async\" width=\"1024\" height=\"752\" src=\"https:\/\/www.conwastepr.com\/wp-content\/uploads\/2021\/04\/Flyer-reciclaje-2021-1024x752.jpg\" alt=\"\" class=\"wp-image-1008\" srcset=\"https:\/\/www.conwastepr.com\/wp-content\/uploads\/2021\/04\/Flyer-reciclaje-2021-1024x752.jpg 1024w, https:\/\/www.conwastepr.com\/wp-content\/uploads\/2021\/04\/Flyer-reciclaje-2021-300x220.jpg 300w, https:\/\/www.conwastepr.com\/wp-content\/uploads\/2021\/04\/Flyer-reciclaje-2021-768x564.jpg 768w, https:\/\/www.conwastepr.com\/wp-content\/uploads\/2021\/04\/Flyer-reciclaje-2021-16x12.jpg 16w, https:\/\/www.conwastepr.com\/wp-content\/uploads\/2021\/04\/Flyer-reciclaje-2021.jpg 1155w\" sizes=\"auto, (max-width: 1024px) 100vw, 1024px\" \/><\/figure>\n<\/div><\/div>\n<\/div><\/section>\n\n\n\n\t\t<div class=\"container eb_block_container\">\n\t\t\t<div id=\"eb_container_fuXdVm6dXYTl4W6KtqV2\" class=\"\">\n\t\t\t\t\n\n<p><\/p>\n\n\t\t\t<\/div>\n\t\t<\/div>\n\n\t\t<style>\n\t\t\t\n\t\t\t#eb_container_fuXdVm6dXYTl4W6KtqV2 {\n\t\t\t\tpadding-top: 80px;\n\t\t\t\tpadding-bottom: 40px;\n\t\t\t\tpadding-left: 0px;\n\t\t\t\tpadding-right: 0px;\n\t\t\t}\n\n\t\t\t@media (min-width: 768px) and (max-width: 1024px) {\n  \n\t\t\t \t#eb_container_fuXdVm6dXYTl4W6KtqV2 {\n\t\t\t\t\tpadding-top: 30px;\n\t\t\t\t\tpadding-bottom: 0px;\n\t\t\t\t\tpadding-left: 0px;\n\t\t\t\t\tpadding-right: 0px;\n\t\t\t\t}\n\t\t\t  \n\t\t\t}\n\n\t\t\t@media (min-width: 320px) and (max-width: 767px) {\n  \n\t\t\t\t#eb_container_fuXdVm6dXYTl4W6KtqV2 {\n\t\t\t\t\tpadding-top: 20px;\n\t\t\t\t\tpadding-bottom: 0px;\n\t\t\t\t\tpadding-left: 0px;\n\t\t\t\t\tpadding-right: 0px;\n\t\t\t\t}\n\t\t\t  \n\t\t\t}\n\n\t\t<\/style>","protected":false},"excerpt":{"rendered":"<p>\u00bfQu\u00e9 es Reciclaje?M\u00e9todo o proceso por el cual se desv\u00edan materiales de ser depositados en un vertedero y son clasificados, reusados o procesados, de manera que se puedan crear nuevos art\u00edculos o se les brinden nuevos usos a estos. Beneficios de reciclar:\u2022 Disminuyes tu huella ecol\u00f3gica.\u2022 Preservaci\u00f3n de recursos naturales.\u2022 Disminuci\u00f3n de contaminaci\u00f3n.\u2022 Ahorro de energ\u00eda.\u2022 Consumes responsablemente.\u2022 Alargas la [&hellip;]<\/p>\n","protected":false},"author":2,"featured_media":0,"parent":0,"menu_order":0,"comment_status":"closed","ping_status":"closed","template":"page-templates\/full-width.php","meta":{"_uag_custom_page_level_css":"","_monsterinsights_skip_tracking":false,"_monsterinsights_sitenote_active":false,"_monsterinsights_sitenote_note":"","_monsterinsights_sitenote_category":0,"footnotes":""},"class_list":["post-307","page","type-page","status-publish","hentry"],"uagb_featured_image_src":{"full":false,"thumbnail":false,"medium":false,"medium_large":false,"large":false,"elegant_blocks_team_1":false,"elegant_blocks_blog_1":false,"elegant_blocks_slider_1":false,"1536x1536":false,"2048x2048":false,"trp-custom-language-flag":false,"bizberg_medium":false,"bizberg_gallery":false,"bizberg_blog_list":false,"bizberg_detail_image":false,"bizberg_portfolio_homepage":false,"bizberg_blog_list_no_sidebar_1":false,"bizberg_detail_image_no_sidebar":false},"uagb_author_info":{"display_name":"jesparra","author_link":"https:\/\/www.conwastepr.com\/en\/author\/jesparra\/"},"uagb_comment_info":0,"uagb_excerpt":"\u00bfQu\u00e9 es Reciclaje?M\u00e9todo o proceso por el cual se desv\u00edan materiales de ser depositados en un vertedero y son clasificados, reusados o procesados, de manera que se puedan crear nuevos art\u00edculos o se les brinden nuevos usos a estos. Beneficios de reciclar:\u2022 Disminuyes tu huella ecol\u00f3gica.\u2022 Preservaci\u00f3n de recursos naturales.\u2022 Disminuci\u00f3n de contaminaci\u00f3n.\u2022 Ahorro de&hellip;","_links":{"self":[{"href":"https:\/\/www.conwastepr.com\/en\/wp-json\/wp\/v2\/pages\/307","targetHints":{"allow":["GET"]}}],"collection":[{"href":"https:\/\/www.conwastepr.com\/en\/wp-json\/wp\/v2\/pages"}],"about":[{"href":"https:\/\/www.conwastepr.com\/en\/wp-json\/wp\/v2\/types\/page"}],"author":[{"embeddable":true,"href":"https:\/\/www.conwastepr.com\/en\/wp-json\/wp\/v2\/users\/2"}],"replies":[{"embeddable":true,"href":"https:\/\/www.conwastepr.com\/en\/wp-json\/wp\/v2\/comments?post=307"}],"version-history":[{"count":47,"href":"https:\/\/www.conwastepr.com\/en\/wp-json\/wp\/v2\/pages\/307\/revisions"}],"predecessor-version":[{"id":1131,"href":"https:\/\/www.conwastepr.com\/en\/wp-json\/wp\/v2\/pages\/307\/revisions\/1131"}],"wp:attachment":[{"href":"https:\/\/www.conwastepr.com\/en\/wp-json\/wp\/v2\/media?parent=307"}],"curies":[{"name":"wp","href":"https:\/\/api.w.org\/{rel}","templated":true}]}}