{"id":519,"date":"2020-02-10T17:20:00","date_gmt":"2020-02-10T17:20:00","guid":{"rendered":"https:\/\/www.conwastepr.com\/?page_id=519"},"modified":"2026-03-13T17:17:39","modified_gmt":"2026-03-13T17:17:39","slug":"offices","status":"publish","type":"page","link":"https:\/\/www.conwastepr.com\/en\/oficinas\/","title":{"rendered":"Offices and Condominiums"},"content":{"rendered":"<div class=\"wp-block-cover aligncenter\" style=\"min-height:280px;aspect-ratio:unset;\"><img loading=\"lazy\" decoding=\"async\" width=\"886\" height=\"591\" class=\"wp-block-cover__image-background wp-image-206\" alt=\"\" src=\"https:\/\/www.conwastepr.com\/wp-content\/uploads\/2019\/11\/Condominios-Comunidades-y-Oficinas-01.png\" data-object-fit=\"cover\" srcset=\"https:\/\/www.conwastepr.com\/wp-content\/uploads\/2019\/11\/Condominios-Comunidades-y-Oficinas-01.png 886w, https:\/\/www.conwastepr.com\/wp-content\/uploads\/2019\/11\/Condominios-Comunidades-y-Oficinas-01-300x200.png 300w, https:\/\/www.conwastepr.com\/wp-content\/uploads\/2019\/11\/Condominios-Comunidades-y-Oficinas-01-768x512.png 768w, https:\/\/www.conwastepr.com\/wp-content\/uploads\/2019\/11\/Condominios-Comunidades-y-Oficinas-01-693x462.png 693w, https:\/\/www.conwastepr.com\/wp-content\/uploads\/2019\/11\/Condominios-Comunidades-y-Oficinas-01-600x400.png 600w\" sizes=\"auto, (max-width: 886px) 100vw, 886px\" \/><span aria-hidden=\"true\" class=\"wp-block-cover__background has-background-dim\"><\/span><div class=\"wp-block-cover__inner-container is-layout-flow wp-block-cover-is-layout-flow\">\n<div class=\"wp-block-uagb-advanced-heading uagb-block-ae4b1f44\"><h2 class=\"uagb-heading-text\"><span class=\"uppercase\">Offices<\/span> and Condominiums<\/h2><\/div>\n\n\n\n<p class=\"has-text-align-center\" style=\"font-size:60px\"><\/p>\n<\/div><\/div>\n\n\n\n<section class=\"wp-block-uagb-columns uagb-columns__wrap uagb-columns__background-color uagb-columns__stack-tablet uagb-columns__valign- uagb-columns__gap-10 align uagb-block-0ab8d8d2 uagb-columns__columns-2 uagb-columns__max_width-custom\"><div class=\"uagb-columns__overlay\"><\/div><div class=\"uagb-columns__inner-wrap uagb-columns__columns-2\">\n<div class=\"wp-block-uagb-column uagb-column__wrap uagb-column__background-undefined uagb-block-1e9afd25\"><div class=\"uagb-column__overlay\"><\/div>\n<div class=\"wp-block-uagb-advanced-heading uagb-block-151856ce\" id=\"uagb-adv-heading-9f3e7005-50a4-4f16-8f7d-3da59546c0fd\"><h2 class=\"uagb-heading-text\">Effective Solid Waste Management<\/h2><\/div>\n\n\n\n<p>Hygiene is the key to coexistence.<br>We offer Front Loader containers that take care of the aesthetics of your office, condominium or residential area.<\/p>\n\n\n\n<p><strong>We adjust the size and frequency of collection according to your actual volume.<\/strong><br><strong>Request an evaluation today!<\/strong><\/p>\n\n\n\n<div id=\"section-g-c0horh1\" class=\"wp-block-gutentor-e2 section-g-c0horh1 gutentor-element gutentor-element-button\"><span class=\"gutentor-button-wrap\"><a class=\"gutentor-button gutentor-block-button gutentor-icon-hide\" href=\"https:\/\/www.conwastepr.com\/en\/request-for-quotation\/\"><i class=\"gutentor-button-icon fas fa-book\"><\/i><span>Request a quote<\/span><\/a><\/span><\/div>\n<\/div>\n\n\n\n<div class=\"wp-block-uagb-column uagb-column__wrap uagb-column__background-undefined uagb-block-b1c1aac9\"><div class=\"uagb-column__overlay\"><\/div>\n<figure class=\"wp-block-image size-large is-resized\"><img loading=\"lazy\" decoding=\"async\" width=\"394\" height=\"591\" src=\"https:\/\/www.conwastepr.com\/wp-content\/uploads\/2020\/01\/Condominios-Comunidades-y-Oficinas2-01.png\" alt=\"\" class=\"wp-image-340\" style=\"width:348px;height:524px\" srcset=\"https:\/\/www.conwastepr.com\/wp-content\/uploads\/2020\/01\/Condominios-Comunidades-y-Oficinas2-01.png 394w, https:\/\/www.conwastepr.com\/wp-content\/uploads\/2020\/01\/Condominios-Comunidades-y-Oficinas2-01-200x300.png 200w\" sizes=\"auto, (max-width: 394px) 100vw, 394px\" \/><\/figure>\n<\/div>\n<\/div><\/section>\n\n\n<div class=\"wp-block-image\">\n<figure class=\"aligncenter size-large\"><img loading=\"lazy\" decoding=\"async\" width=\"1024\" height=\"683\" src=\"https:\/\/www.conwastepr.com\/wp-content\/uploads\/2020\/01\/Hoteles-y-Hospitales-Full2-01-1024x683.png\" alt=\"\" class=\"wp-image-331\" srcset=\"https:\/\/www.conwastepr.com\/wp-content\/uploads\/2020\/01\/Hoteles-y-Hospitales-Full2-01-1024x683.png 1024w, https:\/\/www.conwastepr.com\/wp-content\/uploads\/2020\/01\/Hoteles-y-Hospitales-Full2-01-300x200.png 300w, https:\/\/www.conwastepr.com\/wp-content\/uploads\/2020\/01\/Hoteles-y-Hospitales-Full2-01-768x512.png 768w, https:\/\/www.conwastepr.com\/wp-content\/uploads\/2020\/01\/Hoteles-y-Hospitales-Full2-01-693x462.png 693w, https:\/\/www.conwastepr.com\/wp-content\/uploads\/2020\/01\/Hoteles-y-Hospitales-Full2-01-1536x1024.png 1536w, https:\/\/www.conwastepr.com\/wp-content\/uploads\/2020\/01\/Hoteles-y-Hospitales-Full2-01-600x400.png 600w, https:\/\/www.conwastepr.com\/wp-content\/uploads\/2020\/01\/Hoteles-y-Hospitales-Full2-01-1320x880.png 1320w, https:\/\/www.conwastepr.com\/wp-content\/uploads\/2020\/01\/Hoteles-y-Hospitales-Full2-01.png 1845w\" sizes=\"auto, (max-width: 1024px) 100vw, 1024px\" \/><\/figure>\n<\/div>\n\n\n<p><\/p>","protected":false},"excerpt":{"rendered":"<p>MANEJO EFECTIVO DE DESPERDICIOS S\u00d3LIDOS La higiene es la clave para la convivencia.Ofrecemos contenedores de Carga Frontal (Front Loader) que cuidan la est\u00e9tica de su oficina, condominio o zona residencial. Ajustamos el tama\u00f1o y la frecuencia de recogido seg\u00fan su volumen real.\u00a1Solicite una evaluaci\u00f3n hoy!<\/p>","protected":false},"author":2,"featured_media":0,"parent":0,"menu_order":0,"comment_status":"closed","ping_status":"closed","template":"page-templates\/full-width.php","meta":{"_uag_custom_page_level_css":"","_monsterinsights_skip_tracking":false,"_monsterinsights_sitenote_active":false,"_monsterinsights_sitenote_note":"","_monsterinsights_sitenote_category":0,"footnotes":""},"class_list":["post-519","page","type-page","status-publish","hentry"],"uagb_featured_image_src":{"full":false,"thumbnail":false,"medium":false,"medium_large":false,"large":false,"elegant_blocks_team_1":false,"elegant_blocks_blog_1":false,"elegant_blocks_slider_1":false,"1536x1536":false,"2048x2048":false,"trp-custom-language-flag":false,"bizberg_medium":false,"bizberg_gallery":false,"bizberg_blog_list":false,"bizberg_detail_image":false,"bizberg_portfolio_homepage":false,"bizberg_blog_list_no_sidebar_1":false,"bizberg_detail_image_no_sidebar":false},"uagb_author_info":{"display_name":"jesparra","author_link":"https:\/\/www.conwastepr.com\/en\/author\/jesparra\/"},"uagb_comment_info":0,"uagb_excerpt":"MANEJO EFECTIVO DE DESPERDICIOS S\u00d3LIDOS La higiene es la clave para la convivencia.Ofrecemos contenedores de Carga Frontal (Front Loader) que cuidan la est\u00e9tica de su oficina, condominio o zona residencial. Ajustamos el tama\u00f1o y la frecuencia de recogido seg\u00fan su volumen real.\u00a1Solicite una evaluaci\u00f3n hoy!","_links":{"self":[{"href":"https:\/\/www.conwastepr.com\/en\/wp-json\/wp\/v2\/pages\/519","targetHints":{"allow":["GET"]}}],"collection":[{"href":"https:\/\/www.conwastepr.com\/en\/wp-json\/wp\/v2\/pages"}],"about":[{"href":"https:\/\/www.conwastepr.com\/en\/wp-json\/wp\/v2\/types\/page"}],"author":[{"embeddable":true,"href":"https:\/\/www.conwastepr.com\/en\/wp-json\/wp\/v2\/users\/2"}],"replies":[{"embeddable":true,"href":"https:\/\/www.conwastepr.com\/en\/wp-json\/wp\/v2\/comments?post=519"}],"version-history":[{"count":13,"href":"https:\/\/www.conwastepr.com\/en\/wp-json\/wp\/v2\/pages\/519\/revisions"}],"predecessor-version":[{"id":1213,"href":"https:\/\/www.conwastepr.com\/en\/wp-json\/wp\/v2\/pages\/519\/revisions\/1213"}],"wp:attachment":[{"href":"https:\/\/www.conwastepr.com\/en\/wp-json\/wp\/v2\/media?parent=519"}],"curies":[{"name":"wp","href":"https:\/\/api.w.org\/{rel}","templated":true}]}}