{"id":521,"date":"2020-02-10T17:20:19","date_gmt":"2020-02-10T17:20:19","guid":{"rendered":"https:\/\/www.conwastepr.com\/?page_id=521"},"modified":"2026-03-13T17:35:42","modified_gmt":"2026-03-13T17:35:42","slug":"commercial-centers","status":"publish","type":"page","link":"https:\/\/www.conwastepr.com\/en\/centros-comerciales\/","title":{"rendered":"Shopping Centers"},"content":{"rendered":"<div class=\"wp-block-cover aligncenter is-light\" style=\"min-height:280px;aspect-ratio:unset;\"><img loading=\"lazy\" decoding=\"async\" width=\"1001\" height=\"668\" class=\"wp-block-cover__image-background wp-image-627\" alt=\"\" src=\"https:\/\/www.conwastepr.com\/wp-content\/uploads\/2020\/02\/Centros-Comerciales.png\" style=\"object-position:49% 65%\" data-object-fit=\"cover\" data-object-position=\"49% 65%\" srcset=\"https:\/\/www.conwastepr.com\/wp-content\/uploads\/2020\/02\/Centros-Comerciales.png 1001w, https:\/\/www.conwastepr.com\/wp-content\/uploads\/2020\/02\/Centros-Comerciales-300x200.png 300w, https:\/\/www.conwastepr.com\/wp-content\/uploads\/2020\/02\/Centros-Comerciales-768x513.png 768w, https:\/\/www.conwastepr.com\/wp-content\/uploads\/2020\/02\/Centros-Comerciales-693x462.png 693w, https:\/\/www.conwastepr.com\/wp-content\/uploads\/2020\/02\/Centros-Comerciales-600x400.png 600w\" sizes=\"auto, (max-width: 1001px) 100vw, 1001px\" \/><span aria-hidden=\"true\" class=\"wp-block-cover__background has-background-dim\"><\/span><div class=\"wp-block-cover__inner-container is-layout-flow wp-block-cover-is-layout-flow\">\n<div class=\"wp-block-uagb-advanced-heading uagb-block-c34b7e2b\"><h2 class=\"uagb-heading-text\">COMMERCIAL CENTERS<\/h2><\/div>\n\n\n\n<p class=\"has-text-align-center\" style=\"font-size:60px\"><\/p>\n<\/div><\/div>\n\n\n\n<section class=\"wp-block-uagb-columns uagb-columns__wrap uagb-columns__background-color uagb-columns__stack-tablet uagb-columns__valign- uagb-columns__gap-10 align uagb-block-40aff423 uagb-columns__columns-2 uagb-columns__max_width-custom\"><div class=\"uagb-columns__overlay\"><\/div><div class=\"uagb-columns__inner-wrap uagb-columns__columns-2\">\n<div class=\"wp-block-uagb-column uagb-column__wrap uagb-column__background-undefined uagb-block-d1432f0d\"><div class=\"uagb-column__overlay\"><\/div>\n<div class=\"wp-block-uagb-advanced-heading uagb-block-50147f52\" id=\"uagb-adv-heading-9f3e7005-50a4-4f16-8f7d-3da59546c0fd\"><h2 class=\"uagb-heading-text\">Effective Solid Waste Management<\/h2><\/div>\n\n\n\n<div class=\"wp-block-uagb-advanced-heading uagb-block-c8949702\"><p class=\"uagb-desc-text\">Does your shopping mall generate large volumes of waste? At ConWaste we are experts in high demand logistics.<br><br><strong>We implement compactors and Front Loader containers with pick-up frequency that does not interrupt your commercial operation.<br>Punctuality and state-of-the-art equipment.<\/strong><\/p><\/div>\n\n\n\n<p><\/p>\n\n\n\n<div id=\"section-g-n5nwn1c\" class=\"wp-block-gutentor-e2 section-g-n5nwn1c gutentor-element gutentor-element-button\"><span class=\"gutentor-button-wrap\"><a class=\"gutentor-button gutentor-block-button gutentor-icon-hide\" href=\"https:\/\/www.conwastepr.com\/en\/request-for-quotation\/\"><i class=\"gutentor-button-icon fas fa-book\"><\/i><span>Request a quote<\/span><\/a><\/span><\/div>\n<\/div>\n\n\n\n<div class=\"wp-block-uagb-column uagb-column__wrap uagb-column__background-undefined uagb-block-1739bd09\"><div class=\"uagb-column__overlay\"><\/div>\n<figure class=\"wp-block-image size-large is-resized\"><img loading=\"lazy\" decoding=\"async\" width=\"601\" height=\"1000\" src=\"https:\/\/www.conwastepr.com\/wp-content\/uploads\/2020\/02\/centro_comercial_2.png\" alt=\"\" class=\"wp-image-631\" style=\"width:375px;height:621px\" srcset=\"https:\/\/www.conwastepr.com\/wp-content\/uploads\/2020\/02\/centro_comercial_2.png 601w, https:\/\/www.conwastepr.com\/wp-content\/uploads\/2020\/02\/centro_comercial_2-180x300.png 180w\" sizes=\"auto, (max-width: 601px) 100vw, 601px\" \/><\/figure>\n<\/div>\n<\/div><\/section>\n\n\n<div class=\"wp-block-image\">\n<figure class=\"aligncenter size-large\"><img loading=\"lazy\" decoding=\"async\" width=\"1024\" height=\"683\" src=\"https:\/\/www.conwastepr.com\/wp-content\/uploads\/2020\/01\/Restaurantes_full-01-1024x683.png\" alt=\"\" class=\"wp-image-262\" srcset=\"https:\/\/www.conwastepr.com\/wp-content\/uploads\/2020\/01\/Restaurantes_full-01-1024x683.png 1024w, https:\/\/www.conwastepr.com\/wp-content\/uploads\/2020\/01\/Restaurantes_full-01-300x200.png 300w, https:\/\/www.conwastepr.com\/wp-content\/uploads\/2020\/01\/Restaurantes_full-01-768x512.png 768w, https:\/\/www.conwastepr.com\/wp-content\/uploads\/2020\/01\/Restaurantes_full-01-693x462.png 693w, https:\/\/www.conwastepr.com\/wp-content\/uploads\/2020\/01\/Restaurantes_full-01-1536x1024.png 1536w, https:\/\/www.conwastepr.com\/wp-content\/uploads\/2020\/01\/Restaurantes_full-01-600x400.png 600w, https:\/\/www.conwastepr.com\/wp-content\/uploads\/2020\/01\/Restaurantes_full-01-1320x880.png 1320w, https:\/\/www.conwastepr.com\/wp-content\/uploads\/2020\/01\/Restaurantes_full-01.png 1845w\" sizes=\"auto, (max-width: 1024px) 100vw, 1024px\" \/><\/figure>\n<\/div>\n\n<div class=\"wp-block-image\">\n<figure class=\"aligncenter size-large\"><img loading=\"lazy\" decoding=\"async\" width=\"1024\" height=\"683\" src=\"https:\/\/www.conwastepr.com\/wp-content\/uploads\/2020\/01\/manufactura-full3-01-1024x683.png\" alt=\"\" class=\"wp-image-335\" srcset=\"https:\/\/www.conwastepr.com\/wp-content\/uploads\/2020\/01\/manufactura-full3-01-1024x683.png 1024w, https:\/\/www.conwastepr.com\/wp-content\/uploads\/2020\/01\/manufactura-full3-01-300x200.png 300w, https:\/\/www.conwastepr.com\/wp-content\/uploads\/2020\/01\/manufactura-full3-01-768x512.png 768w, https:\/\/www.conwastepr.com\/wp-content\/uploads\/2020\/01\/manufactura-full3-01-693x462.png 693w, https:\/\/www.conwastepr.com\/wp-content\/uploads\/2020\/01\/manufactura-full3-01-1536x1024.png 1536w, https:\/\/www.conwastepr.com\/wp-content\/uploads\/2020\/01\/manufactura-full3-01-600x400.png 600w, https:\/\/www.conwastepr.com\/wp-content\/uploads\/2020\/01\/manufactura-full3-01-1320x880.png 1320w, https:\/\/www.conwastepr.com\/wp-content\/uploads\/2020\/01\/manufactura-full3-01.png 1845w\" sizes=\"auto, (max-width: 1024px) 100vw, 1024px\" \/><\/figure>\n<\/div>","protected":false},"excerpt":{"rendered":"<p>MANEJO EFECTIVO DE DESPERDICIOS S\u00d3LIDOS \u00bfSu Centro Comercial genera grandes vol\u00famenes de basura? En ConWaste somos expertos en log\u00edstica de alta demanda.Implementamos compactadores y contenedores de Carga Frontal (Front Loader) con frecuencia de recogido que no interrumpen su operaci\u00f3n comercial.Puntualidad y equipos de \u00faltima generaci\u00f3n.<\/p>","protected":false},"author":2,"featured_media":0,"parent":0,"menu_order":0,"comment_status":"closed","ping_status":"closed","template":"page-templates\/full-width.php","meta":{"_uag_custom_page_level_css":"","_monsterinsights_skip_tracking":false,"_monsterinsights_sitenote_active":false,"_monsterinsights_sitenote_note":"","_monsterinsights_sitenote_category":0,"footnotes":""},"class_list":["post-521","page","type-page","status-publish","hentry"],"uagb_featured_image_src":{"full":false,"thumbnail":false,"medium":false,"medium_large":false,"large":false,"elegant_blocks_team_1":false,"elegant_blocks_blog_1":false,"elegant_blocks_slider_1":false,"1536x1536":false,"2048x2048":false,"trp-custom-language-flag":false,"bizberg_medium":false,"bizberg_gallery":false,"bizberg_blog_list":false,"bizberg_detail_image":false,"bizberg_portfolio_homepage":false,"bizberg_blog_list_no_sidebar_1":false,"bizberg_detail_image_no_sidebar":false},"uagb_author_info":{"display_name":"jesparra","author_link":"https:\/\/www.conwastepr.com\/en\/author\/jesparra\/"},"uagb_comment_info":0,"uagb_excerpt":"MANEJO EFECTIVO DE DESPERDICIOS S\u00d3LIDOS \u00bfSu Centro Comercial genera grandes vol\u00famenes de basura? En ConWaste somos expertos en log\u00edstica de alta demanda.Implementamos compactadores y contenedores de Carga Frontal (Front Loader) con frecuencia de recogido que no interrumpen su operaci\u00f3n comercial.Puntualidad y equipos de \u00faltima generaci\u00f3n.","_links":{"self":[{"href":"https:\/\/www.conwastepr.com\/en\/wp-json\/wp\/v2\/pages\/521","targetHints":{"allow":["GET"]}}],"collection":[{"href":"https:\/\/www.conwastepr.com\/en\/wp-json\/wp\/v2\/pages"}],"about":[{"href":"https:\/\/www.conwastepr.com\/en\/wp-json\/wp\/v2\/types\/page"}],"author":[{"embeddable":true,"href":"https:\/\/www.conwastepr.com\/en\/wp-json\/wp\/v2\/users\/2"}],"replies":[{"embeddable":true,"href":"https:\/\/www.conwastepr.com\/en\/wp-json\/wp\/v2\/comments?post=521"}],"version-history":[{"count":14,"href":"https:\/\/www.conwastepr.com\/en\/wp-json\/wp\/v2\/pages\/521\/revisions"}],"predecessor-version":[{"id":1219,"href":"https:\/\/www.conwastepr.com\/en\/wp-json\/wp\/v2\/pages\/521\/revisions\/1219"}],"wp:attachment":[{"href":"https:\/\/www.conwastepr.com\/en\/wp-json\/wp\/v2\/media?parent=521"}],"curies":[{"name":"wp","href":"https:\/\/api.w.org\/{rel}","templated":true}]}}