{"id":886,"date":"2020-03-23T12:44:15","date_gmt":"2020-03-23T12:44:15","guid":{"rendered":"https:\/\/www.conwastepr.com\/?page_id=886"},"modified":"2026-03-14T16:33:22","modified_gmt":"2026-03-14T16:33:22","slug":"biomedical","status":"publish","type":"page","link":"https:\/\/www.conwastepr.com\/en\/biomedico\/","title":{"rendered":"Biomedical"},"content":{"rendered":"<div class=\"wp-block-cover aligncenter is-light\" style=\"min-height:287px;aspect-ratio:unset;\"><img loading=\"lazy\" decoding=\"async\" width=\"1500\" height=\"996\" class=\"wp-block-cover__image-background wp-image-911\" alt=\"\" src=\"https:\/\/www.conwastepr.com\/wp-content\/uploads\/2020\/03\/iStock-185273528.jpg\" style=\"object-position:48% 39%\" data-object-fit=\"cover\" data-object-position=\"48% 39%\" srcset=\"https:\/\/www.conwastepr.com\/wp-content\/uploads\/2020\/03\/iStock-185273528.jpg 1500w, https:\/\/www.conwastepr.com\/wp-content\/uploads\/2020\/03\/iStock-185273528-300x199.jpg 300w, https:\/\/www.conwastepr.com\/wp-content\/uploads\/2020\/03\/iStock-185273528-1024x680.jpg 1024w, https:\/\/www.conwastepr.com\/wp-content\/uploads\/2020\/03\/iStock-185273528-768x510.jpg 768w, https:\/\/www.conwastepr.com\/wp-content\/uploads\/2020\/03\/iStock-185273528-1320x876.jpg 1320w\" sizes=\"auto, (max-width: 1500px) 100vw, 1500px\" \/><span aria-hidden=\"true\" class=\"wp-block-cover__background has-vivid-red-background-color has-background-dim\"><\/span><div class=\"wp-block-cover__inner-container is-layout-flow wp-block-cover-is-layout-flow\">\n<div class=\"wp-block-uagb-advanced-heading uagb-block-b87089cf\"><h2 class=\"uagb-heading-text\">Biomedical Waste<\/h2><\/div>\n\n\n\n<p class=\"has-text-align-center\" style=\"font-size:60px\"><\/p>\n<\/div><\/div>\n\n\n\n<section class=\"wp-block-uagb-columns uagb-columns__wrap uagb-columns__background-color uagb-columns__stack-tablet uagb-columns__valign- uagb-columns__gap-10 align uagb-block-e76bc2e2 uagb-columns__columns-2 uagb-columns__max_width-custom\"><div class=\"uagb-columns__overlay\"><\/div><div class=\"uagb-columns__inner-wrap uagb-columns__columns-2\">\n<div class=\"wp-block-uagb-column uagb-column__wrap uagb-column__background-undefined uagb-block-18e81e23\"><div class=\"uagb-column__overlay\"><\/div>\n<div class=\"wp-block-uagb-advanced-heading uagb-block-4a3a5deb\"><h2 class=\"uagb-heading-text\">MANAGEMENT OF REGULATED BIOMEDICAL WASTE<\/h2><div class=\"uagb-separator\"><\/div><\/div>\n\n\n\n<p style=\"font-size:16px\">Protect your institution with a service that strictly complies with all environmental and health regulations. We offer collection, transportation and safe disposal of biomedical waste. <\/p>\n\n\n\n<p style=\"font-size:16px\"><strong>We offer collection, transportation and safe disposal of biomedical waste. <\/strong><\/p>\n\n\n\n<p style=\"font-size:16px\">Our services can be used in:<\/p>\n\n\n\n<ul class=\"wp-block-list\">\n<li>Diagnostic and Treatment Centers (DTC's)<\/li>\n\n\n\n<li>Primary Health Centers<\/li>\n\n\n\n<li>Veterinary Clinics<\/li>\n\n\n\n<li>Pharmaceutical Companies<\/li>\n\n\n\n<li>Hospitals<\/li>\n\n\n\n<li>Clinical and Pathological Laboratories<\/li>\n\n\n\n<li>Medical offices<\/li>\n\n\n\n<li>Tattoo Studios \u201cTattoo Studios\u201d.\u201d<\/li>\n\n\n\n<li>Among others.<\/li>\n<\/ul>\n<\/div>\n\n\n\n<div class=\"wp-block-uagb-column uagb-column__wrap uagb-column__background-undefined uagb-block-68b0e8a5\"><div class=\"uagb-column__overlay\"><\/div>\n<figure class=\"wp-block-image size-large is-resized\"><img loading=\"lazy\" decoding=\"async\" width=\"577\" height=\"867\" src=\"https:\/\/www.conwastepr.com\/wp-content\/uploads\/2020\/03\/biomed1.png\" alt=\"\" class=\"wp-image-909\" style=\"width:480px;height:719px\" srcset=\"https:\/\/www.conwastepr.com\/wp-content\/uploads\/2020\/03\/biomed1.png 577w, https:\/\/www.conwastepr.com\/wp-content\/uploads\/2020\/03\/biomed1-200x300.png 200w\" sizes=\"auto, (max-width: 577px) 100vw, 577px\" \/><\/figure>\n<\/div>\n<\/div><\/section>\n\n\n\n<section class=\"wp-block-uagb-columns uagb-columns__wrap uagb-columns__background-color uagb-columns__stack-mobile uagb-columns__valign- uagb-columns__gap-10 align uagb-block-e52df8f7 uagb-columns__columns-1 uagb-columns__max_width-custom\"><div class=\"uagb-columns__overlay\"><\/div><div class=\"uagb-columns__inner-wrap uagb-columns__columns-1\">\n<div class=\"wp-block-uagb-column uagb-column__wrap uagb-column__background-undefined uagb-block-5bddd8cc\"><div class=\"uagb-column__overlay\"><\/div>\n<div class=\"wp-block-uagb-advanced-heading uagb-block-dc764a90\"><h2 class=\"uagb-heading-text\">Guaranteed compliance: Manage your biomedical waste with experts.<\/h2><\/div>\n\n\n\n<div id=\"section-g2d72e9\" class=\"wp-block-gutentor-e2 section-g2d72e9 gutentor-element gutentor-element-button button-align-center-desktop\"><span class=\"gutentor-button-wrap\"><a class=\"gutentor-button gutentor-block-button gutentor-icon-hide\" href=\"https:\/\/www.conwastepr.com\/en\/request-for-quotation\/\"><i class=\"gutentor-button-icon fas fa-book\"><\/i><span><strong>Request a quote<\/strong><\/span><\/a><\/span><\/div>\n\n\n\n<p><\/p>\n<\/div>\n<\/div><\/section>\n\n\n\n<section class=\"wp-block-uagb-columns uagb-columns__wrap uagb-columns__background-color uagb-columns__stack-mobile uagb-columns__valign- uagb-columns__gap-10 align uagb-block-c8491eac uagb-columns__columns-1 uagb-columns__max_width-custom\"><div class=\"uagb-columns__overlay\"><\/div><div class=\"uagb-columns__inner-wrap uagb-columns__columns-1\">\n<div class=\"wp-block-uagb-column uagb-column__wrap uagb-column__background-undefined uagb-block-9c7957a4\"><div class=\"uagb-column__overlay\"><\/div>\n<div class=\"wp-block-uagb-advanced-heading uagb-block-e034f1c9\"><h2 class=\"uagb-heading-text\">PLANT AND TECHNOLOGY:<\/h2><div class=\"uagb-separator\"><\/div><\/div>\n\n\n\n<ul class=\"wp-block-list\">\n<li>Puerto Rico's largest and most modern processing plant, backed by an investment of more than US$1.5 million.\u00a0<strong>$5 million<\/strong>.<\/li>\n\n\n\n<li>Technological operation with two industrial autoclaves capable of processing up to\u00a0<strong>2 million pounds per month<\/strong>\u00a0of biomedical waste.<\/li>\n\n\n\n<li>Industrial shredding and compaction processes that strictly comply with environmental laws and regulations.\u00a0<strong>Environmental Quality Board (EQB)<\/strong>.<\/li>\n\n\n\n<li>Our treatment plant is located in the Industrial Zone of the Municipality of Toa Baja.<\/li>\n<\/ul>\n\n\n\n<p><\/p>\n\n\n<div class=\"wp-block-image\">\n<figure class=\"aligncenter size-large\"><img loading=\"lazy\" decoding=\"async\" width=\"1024\" height=\"533\" src=\"https:\/\/www.conwastepr.com\/wp-content\/uploads\/2020\/03\/planta_bio-1-1024x533.png\" alt=\"\" class=\"wp-image-950\" srcset=\"https:\/\/www.conwastepr.com\/wp-content\/uploads\/2020\/03\/planta_bio-1-1024x533.png 1024w, https:\/\/www.conwastepr.com\/wp-content\/uploads\/2020\/03\/planta_bio-1-300x156.png 300w, https:\/\/www.conwastepr.com\/wp-content\/uploads\/2020\/03\/planta_bio-1-768x400.png 768w, https:\/\/www.conwastepr.com\/wp-content\/uploads\/2020\/03\/planta_bio-1.png 1201w\" sizes=\"auto, (max-width: 1024px) 100vw, 1024px\" \/><\/figure>\n<\/div><\/div>\n<\/div><\/section>\n\n\n\n<section class=\"wp-block-uagb-columns uagb-columns__wrap uagb-columns__background-none uagb-columns__stack-mobile uagb-columns__valign- uagb-columns__gap-10 align uagb-block-adf4ac4b uagb-columns__columns-1 uagb-columns__max_width-custom\"><div class=\"uagb-columns__overlay\"><\/div><div class=\"uagb-columns__inner-wrap uagb-columns__columns-1\">\n<div class=\"wp-block-uagb-column uagb-column__wrap uagb-column__background-undefined uagb-block-b7456b11\"><div class=\"uagb-column__overlay\"><\/div>\n<div class=\"wp-block-uagb-advanced-heading uagb-block-eb7d9b82\"><h2 class=\"uagb-heading-text\">Main customers:<\/h2><div class=\"uagb-separator\"><\/div><\/div>\n\n\n\n<section class=\"wp-block-uagb-columns uagb-columns__wrap uagb-columns__background-none uagb-columns__stack-mobile uagb-columns__valign- uagb-columns__gap-10 align uagb-block-bed31f06 uagb-columns__columns-6 uagb-columns__max_width-custom\"><div class=\"uagb-columns__overlay\"><\/div><div class=\"uagb-columns__inner-wrap uagb-columns__columns-6\">\n<div class=\"wp-block-uagb-column uagb-column__wrap uagb-column__background-undefined uagb-block-55cf7d6e\"><div class=\"uagb-column__overlay\"><\/div>\n<figure class=\"wp-block-image size-large\"><img loading=\"lazy\" decoding=\"async\" width=\"400\" height=\"370\" src=\"https:\/\/www.conwastepr.com\/wp-content\/uploads\/2020\/03\/3.png\" alt=\"\" class=\"wp-image-934\" srcset=\"https:\/\/www.conwastepr.com\/wp-content\/uploads\/2020\/03\/3.png 400w, https:\/\/www.conwastepr.com\/wp-content\/uploads\/2020\/03\/3-300x278.png 300w\" sizes=\"auto, (max-width: 400px) 100vw, 400px\" \/><\/figure>\n<\/div>\n\n\n\n<div class=\"wp-block-uagb-column uagb-column__wrap uagb-column__background-undefined uagb-block-56093cce\"><div class=\"uagb-column__overlay\"><\/div>\n<figure class=\"wp-block-image size-large\"><img loading=\"lazy\" decoding=\"async\" width=\"400\" height=\"370\" src=\"https:\/\/www.conwastepr.com\/wp-content\/uploads\/2020\/03\/7.png\" alt=\"\" class=\"wp-image-935\" srcset=\"https:\/\/www.conwastepr.com\/wp-content\/uploads\/2020\/03\/7.png 400w, https:\/\/www.conwastepr.com\/wp-content\/uploads\/2020\/03\/7-300x278.png 300w\" sizes=\"auto, (max-width: 400px) 100vw, 400px\" \/><\/figure>\n<\/div>\n\n\n\n<div class=\"wp-block-uagb-column uagb-column__wrap uagb-column__background-undefined uagb-block-130104bf\"><div class=\"uagb-column__overlay\"><\/div>\n<figure class=\"wp-block-image size-large\"><img loading=\"lazy\" decoding=\"async\" width=\"400\" height=\"370\" src=\"https:\/\/www.conwastepr.com\/wp-content\/uploads\/2020\/03\/1.png\" alt=\"\" class=\"wp-image-936\" srcset=\"https:\/\/www.conwastepr.com\/wp-content\/uploads\/2020\/03\/1.png 400w, https:\/\/www.conwastepr.com\/wp-content\/uploads\/2020\/03\/1-300x278.png 300w\" sizes=\"auto, (max-width: 400px) 100vw, 400px\" \/><\/figure>\n<\/div>\n\n\n\n<div class=\"wp-block-uagb-column uagb-column__wrap uagb-column__background-undefined uagb-block-2ecf9fcd\"><div class=\"uagb-column__overlay\"><\/div>\n<figure class=\"wp-block-image size-large\"><img loading=\"lazy\" decoding=\"async\" width=\"400\" height=\"370\" src=\"https:\/\/www.conwastepr.com\/wp-content\/uploads\/2020\/03\/5.png\" alt=\"\" class=\"wp-image-937\" srcset=\"https:\/\/www.conwastepr.com\/wp-content\/uploads\/2020\/03\/5.png 400w, https:\/\/www.conwastepr.com\/wp-content\/uploads\/2020\/03\/5-300x278.png 300w\" sizes=\"auto, (max-width: 400px) 100vw, 400px\" \/><\/figure>\n<\/div>\n\n\n\n<div class=\"wp-block-uagb-column uagb-column__wrap uagb-column__background-undefined uagb-block-18247567\"><div class=\"uagb-column__overlay\"><\/div>\n<figure class=\"wp-block-image size-large\"><img loading=\"lazy\" decoding=\"async\" width=\"400\" height=\"370\" src=\"https:\/\/www.conwastepr.com\/wp-content\/uploads\/2020\/03\/2.png\" alt=\"\" class=\"wp-image-939\" srcset=\"https:\/\/www.conwastepr.com\/wp-content\/uploads\/2020\/03\/2.png 400w, https:\/\/www.conwastepr.com\/wp-content\/uploads\/2020\/03\/2-300x278.png 300w\" sizes=\"auto, (max-width: 400px) 100vw, 400px\" \/><\/figure>\n<\/div>\n\n\n\n<div class=\"wp-block-uagb-column uagb-column__wrap uagb-column__background-undefined uagb-block-9517dc40\"><div class=\"uagb-column__overlay\"><\/div>\n<figure class=\"wp-block-image size-large\"><img loading=\"lazy\" decoding=\"async\" width=\"400\" height=\"370\" src=\"https:\/\/www.conwastepr.com\/wp-content\/uploads\/2020\/03\/4.png\" alt=\"\" class=\"wp-image-940\" srcset=\"https:\/\/www.conwastepr.com\/wp-content\/uploads\/2020\/03\/4.png 400w, https:\/\/www.conwastepr.com\/wp-content\/uploads\/2020\/03\/4-300x278.png 300w\" sizes=\"auto, (max-width: 400px) 100vw, 400px\" \/><\/figure>\n<\/div>\n<\/div><\/section>\n\n\n\n<p><\/p>\n<\/div>\n<\/div><\/section>\n\n\n\n<section class=\"wp-block-uagb-columns uagb-columns__wrap uagb-columns__background-none uagb-columns__stack-mobile uagb-columns__valign- uagb-columns__gap-10 align uagb-block-435de1af uagb-columns__columns-6 uagb-columns__max_width-custom\"><div class=\"uagb-columns__overlay\"><\/div><div class=\"uagb-columns__inner-wrap uagb-columns__columns-6\">\n<div class=\"wp-block-uagb-column uagb-column__wrap uagb-column__background-undefined uagb-block-f42183e9\"><div class=\"uagb-column__overlay\"><\/div>\n<figure class=\"wp-block-image size-full\"><img loading=\"lazy\" decoding=\"async\" width=\"218\" height=\"88\" src=\"https:\/\/www.conwastepr.com\/wp-content\/uploads\/2022\/06\/logosoth-1.png\" alt=\"\" class=\"wp-image-1045\" srcset=\"https:\/\/www.conwastepr.com\/wp-content\/uploads\/2022\/06\/logosoth-1.png 218w, https:\/\/www.conwastepr.com\/wp-content\/uploads\/2022\/06\/logosoth-1-18x7.png 18w\" sizes=\"auto, (max-width: 218px) 100vw, 218px\" \/><\/figure>\n<\/div>\n\n\n\n<div class=\"wp-block-uagb-column uagb-column__wrap uagb-column__background-undefined uagb-block-3b4ff53a\"><div class=\"uagb-column__overlay\"><\/div>\n<figure class=\"wp-block-image size-full\"><img loading=\"lazy\" decoding=\"async\" width=\"400\" height=\"370\" src=\"https:\/\/www.conwastepr.com\/wp-content\/uploads\/2022\/06\/logocentro-1.png\" alt=\"\" class=\"wp-image-1044\" srcset=\"https:\/\/www.conwastepr.com\/wp-content\/uploads\/2022\/06\/logocentro-1.png 400w, https:\/\/www.conwastepr.com\/wp-content\/uploads\/2022\/06\/logocentro-1-300x278.png 300w, https:\/\/www.conwastepr.com\/wp-content\/uploads\/2022\/06\/logocentro-1-13x12.png 13w\" sizes=\"auto, (max-width: 400px) 100vw, 400px\" \/><\/figure>\n<\/div>\n\n\n\n<div class=\"wp-block-uagb-column uagb-column__wrap uagb-column__background-undefined uagb-block-3010d2fe\"><div class=\"uagb-column__overlay\"><\/div>\n<figure class=\"wp-block-image size-large\"><img loading=\"lazy\" decoding=\"async\" width=\"400\" height=\"370\" src=\"https:\/\/www.conwastepr.com\/wp-content\/uploads\/2020\/03\/8.png\" alt=\"\" class=\"wp-image-942\" srcset=\"https:\/\/www.conwastepr.com\/wp-content\/uploads\/2020\/03\/8.png 400w, https:\/\/www.conwastepr.com\/wp-content\/uploads\/2020\/03\/8-300x278.png 300w\" sizes=\"auto, (max-width: 400px) 100vw, 400px\" \/><\/figure>\n<\/div>\n\n\n\n<div class=\"wp-block-uagb-column uagb-column__wrap uagb-column__background-undefined uagb-block-3c8062f0\"><div class=\"uagb-column__overlay\"><\/div>\n<figure class=\"wp-block-image size-large\"><img loading=\"lazy\" decoding=\"async\" width=\"400\" height=\"370\" src=\"https:\/\/www.conwastepr.com\/wp-content\/uploads\/2020\/03\/6.png\" alt=\"\" class=\"wp-image-941\" srcset=\"https:\/\/www.conwastepr.com\/wp-content\/uploads\/2020\/03\/6.png 400w, https:\/\/www.conwastepr.com\/wp-content\/uploads\/2020\/03\/6-300x278.png 300w\" sizes=\"auto, (max-width: 400px) 100vw, 400px\" \/><\/figure>\n<\/div>\n\n\n\n<div class=\"wp-block-uagb-column uagb-column__wrap uagb-column__background-undefined uagb-block-94129c43\"><div class=\"uagb-column__overlay\"><\/div>\n<figure class=\"wp-block-image size-full\"><img loading=\"lazy\" decoding=\"async\" width=\"133\" height=\"174\" src=\"https:\/\/www.conwastepr.com\/wp-content\/uploads\/2022\/06\/Picture2.png\" alt=\"\" class=\"wp-image-1036\" srcset=\"https:\/\/www.conwastepr.com\/wp-content\/uploads\/2022\/06\/Picture2.png 133w, https:\/\/www.conwastepr.com\/wp-content\/uploads\/2022\/06\/Picture2-9x12.png 9w\" sizes=\"auto, (max-width: 133px) 100vw, 133px\" \/><\/figure>\n<\/div>\n\n\n\n<div class=\"wp-block-uagb-column uagb-column__wrap uagb-column__background-undefined uagb-block-8f848658\"><div class=\"uagb-column__overlay\"><\/div>\n<p><\/p>\n<\/div>\n<\/div><\/section>\n\n\n\n<p><\/p>","protected":false},"excerpt":{"rendered":"<p>REGULATED MEDICAL WASTE MANAGEMENT Protect your institution with a service that strictly complies with all environmental and health regulations. We offer collection, transport, and safe disposal of biomedical waste. We offer collection, transport, and safe disposal of biomedical waste. Our services can be used in: Guaranteed Compliance: Manage your biomedical waste with experts. PLANT AND TECHNOLOGY: Main Clients:<\/p>","protected":false},"author":2,"featured_media":0,"parent":0,"menu_order":0,"comment_status":"closed","ping_status":"closed","template":"page-templates\/full-width.php","meta":{"_uag_custom_page_level_css":"","_monsterinsights_skip_tracking":false,"_monsterinsights_sitenote_active":false,"_monsterinsights_sitenote_note":"","_monsterinsights_sitenote_category":0,"footnotes":""},"class_list":["post-886","page","type-page","status-publish","hentry"],"uagb_featured_image_src":{"full":false,"thumbnail":false,"medium":false,"medium_large":false,"large":false,"elegant_blocks_team_1":false,"elegant_blocks_blog_1":false,"elegant_blocks_slider_1":false,"1536x1536":false,"2048x2048":false,"trp-custom-language-flag":false,"bizberg_medium":false,"bizberg_gallery":false,"bizberg_blog_list":false,"bizberg_detail_image":false,"bizberg_portfolio_homepage":false,"bizberg_blog_list_no_sidebar_1":false,"bizberg_detail_image_no_sidebar":false},"uagb_author_info":{"display_name":"jesparra","author_link":"https:\/\/www.conwastepr.com\/en\/author\/jesparra\/"},"uagb_comment_info":0,"uagb_excerpt":"MANEJO DE DESPERDICIOS BIOM\u00c9DICOS REGULADOS Proteja su instituci\u00f3n con un servicio que cumpla estrictamente con todas las regulaciones ambientales y de salud. Ofrecemos recolecci\u00f3n, transporte y disposici\u00f3n segura de desperdicios biom\u00e9dicos. Ofrecemos recolecci\u00f3n, transporte y disposici\u00f3n segura de desperdicios biom\u00e9dicos. Nuestros servicios pueden ser utilizados en: Cumplimiento garantizado: Gestione sus desperdicios biom\u00e9dicos con expertos. PLANTA&hellip;","_links":{"self":[{"href":"https:\/\/www.conwastepr.com\/en\/wp-json\/wp\/v2\/pages\/886","targetHints":{"allow":["GET"]}}],"collection":[{"href":"https:\/\/www.conwastepr.com\/en\/wp-json\/wp\/v2\/pages"}],"about":[{"href":"https:\/\/www.conwastepr.com\/en\/wp-json\/wp\/v2\/types\/page"}],"author":[{"embeddable":true,"href":"https:\/\/www.conwastepr.com\/en\/wp-json\/wp\/v2\/users\/2"}],"replies":[{"embeddable":true,"href":"https:\/\/www.conwastepr.com\/en\/wp-json\/wp\/v2\/comments?post=886"}],"version-history":[{"count":37,"href":"https:\/\/www.conwastepr.com\/en\/wp-json\/wp\/v2\/pages\/886\/revisions"}],"predecessor-version":[{"id":1230,"href":"https:\/\/www.conwastepr.com\/en\/wp-json\/wp\/v2\/pages\/886\/revisions\/1230"}],"wp:attachment":[{"href":"https:\/\/www.conwastepr.com\/en\/wp-json\/wp\/v2\/media?parent=886"}],"curies":[{"name":"wp","href":"https:\/\/api.w.org\/{rel}","templated":true}]}}