{"id":1243,"date":"2026-03-14T17:01:37","date_gmt":"2026-03-14T17:01:37","guid":{"rendered":"https:\/\/www.conwastepr.com\/?page_id=1243"},"modified":"2026-03-17T16:46:45","modified_gmt":"2026-03-17T16:46:45","slug":"nuestra-empresa","status":"publish","type":"page","link":"https:\/\/www.conwastepr.com\/es\/nuestra-empresa\/","title":{"rendered":"Nuestras Compa\u00f1\u00eda"},"content":{"rendered":"\n<div class=\"wp-block-cover\"><img loading=\"lazy\" decoding=\"async\" width=\"1024\" height=\"424\" class=\"wp-block-cover__image-background wp-image-1261 size-large\" alt=\"\" src=\"https:\/\/www.conwastepr.com\/wp-content\/uploads\/2026\/03\/Nuestra-Empresa-nuestra-gente-COnWaste-1024x424.png\" data-object-fit=\"cover\" srcset=\"https:\/\/www.conwastepr.com\/wp-content\/uploads\/2026\/03\/Nuestra-Empresa-nuestra-gente-COnWaste-1024x424.png 1024w, https:\/\/www.conwastepr.com\/wp-content\/uploads\/2026\/03\/Nuestra-Empresa-nuestra-gente-COnWaste-300x124.png 300w, https:\/\/www.conwastepr.com\/wp-content\/uploads\/2026\/03\/Nuestra-Empresa-nuestra-gente-COnWaste-768x318.png 768w, https:\/\/www.conwastepr.com\/wp-content\/uploads\/2026\/03\/Nuestra-Empresa-nuestra-gente-COnWaste-1536x636.png 1536w, https:\/\/www.conwastepr.com\/wp-content\/uploads\/2026\/03\/Nuestra-Empresa-nuestra-gente-COnWaste-2048x848.png 2048w, https:\/\/www.conwastepr.com\/wp-content\/uploads\/2026\/03\/Nuestra-Empresa-nuestra-gente-COnWaste-18x7.png 18w\" sizes=\"auto, (max-width: 1024px) 100vw, 1024px\" \/><span aria-hidden=\"true\" class=\"wp-block-cover__background has-background-dim\" style=\"background-color:#606584\"><\/span><div class=\"wp-block-cover__inner-container is-layout-flow wp-block-cover-is-layout-flow\">\n<p class=\"has-text-align-center has-large-font-size\"><strong>Detr\u00e1s de Cada Servicio: Un Equipo Comprometido con Puerto Rico.<\/strong><\/p>\n<\/div><\/div>\n\n\n\n<section class=\"wp-block-uagb-columns uagb-columns__wrap uagb-columns__background-color uagb-columns__stack-mobile uagb-columns__valign- uagb-columns__gap-10 align uagb-block-0b59748c uagb-columns__columns-1 uagb-columns__max_width-custom\"><div class=\"uagb-columns__overlay\"><\/div><div class=\"uagb-columns__inner-wrap uagb-columns__columns-1\">\n<div class=\"wp-block-uagb-column uagb-column__wrap uagb-column__background-undefined uagb-block-eb71ef87\"><div class=\"uagb-column__overlay\"><\/div>\n<p class=\"has-medium-font-size\"><strong>QUI\u00c9NES SOMOS<\/strong><\/p>\n\n\n\n<p style=\"font-size:17px\"><strong>M\u00e1s de 30 a\u00f1os liderando la industria del manejo de desperdicios s\u00f3lidos en Puerto Rico.<\/strong><\/p>\n\n\n\n<p style=\"font-size:16px\">Somos una empresa netamente puertorrique\u00f1a, fundada en 1993, dedicada a ofrecer soluciones integrales en el manejo de desperdicios municipales, comerciales y biom\u00e9dicos regulados. Nuestra experiencia se extiende al dise\u00f1o de programas de reciclaje, administraci\u00f3n de Sistemas de Relleno Sanitario (vertederos) y mantenimiento especializado de flotas vehiculares. Nuestra capacidad operativa nos permite servir con puntualidad a\u00a0<strong>m\u00e1s de 700,000 residencias semanalmente<\/strong>\u00a0y brindar soluciones personalizadas a\u00a0<strong>sobre 7,000 clientes comerciales<\/strong>\u00a0en toda la isla.<\/p>\n\n\n\n<p style=\"font-size:16px\">Nos distinguimos por ser la\u00a0primera empresa en Puerto Rico\u00a0capaz de producir energ\u00eda renovable mediante el gas metano generado por la descomposici\u00f3n de desperdicios, inyectando energ\u00eda limpia directamente a nuestra red el\u00e9ctrica nacional.<\/p>\n\n\n\n<h2 class=\"wp-block-heading\" style=\"font-size:17px\">Un Legado de Excelencia y Liderazgo<\/h2>\n\n\n\n<p style=\"font-size:16px\">Nuestro compromiso con la innovaci\u00f3n y el ambiente nos ha posicionado como referentes en la industria:<br><br><strong>-Reconocimiento Internacional:<\/strong>\u00a0Ocupamos la\u00a0<strong>posici\u00f3n n\u00famero 29<\/strong>\u00a0en el prestigioso listado\u00a0<strong>\u201cThe 50 Largest Waste and Recycling Firms in North America\u201d<\/strong>\u00a0de Waste360, siendo la \u00fanica empresa puertorrique\u00f1a en recibir esta distinci\u00f3n.<br><br>&#8211;<strong>Excelencia Laboral:<\/strong>\u00a0En el 2022, hicimos historia al convertirnos en la primera empresa de nuestra industria en recibir el galard\u00f3n de\u00a0<strong>Mejores Patrones<\/strong>\u00a0en Puerto Rico.<br><br>&#8211;<strong>Cumplimiento Ambiental:\u00a0<\/strong>Nuestras facilidades de disposici\u00f3n y reciclaje cuentan con las calificaciones m\u00e1s altas de las agencias reguladoras ambientales estatales y federales.<\/p>\n<\/div>\n<\/div><\/section>\n\n\n\n<section class=\"wp-block-uagb-columns uagb-columns__wrap uagb-columns__background-color uagb-columns__stack-mobile uagb-columns__valign- uagb-columns__gap-10 align uagb-block-dc191ff1 uagb-columns__columns-1 uagb-columns__max_width-custom\"><div class=\"uagb-columns__overlay\"><\/div><div class=\"uagb-columns__inner-wrap uagb-columns__columns-1\">\n<div class=\"wp-block-uagb-column uagb-column__wrap uagb-column__background-undefined uagb-block-aea271e1\"><div class=\"uagb-column__overlay\"><\/div>\n<p class=\"has-white-color has-text-color has-link-color has-medium-font-size wp-elements-3a28b2ca3d16800b4fa7aaa4827fbd0f\"><strong>Reconocemos nuestra responsabilidad con el futuro y trabajamos diariamente para minimizar el impacto ambiental, conservando nuestro Puerto Rico y el planeta para las pr\u00f3ximas generaciones.<\/strong><\/p>\n<\/div>\n<\/div><\/section>\n\n\n\n<section class=\"wp-block-uagb-columns uagb-columns__wrap uagb-columns__background-color uagb-columns__stack-mobile uagb-columns__valign- uagb-columns__gap-10 align uagb-block-42e3ec03 uagb-columns__columns-3 uagb-columns__max_width-custom\"><div class=\"uagb-columns__overlay\"><\/div><div class=\"uagb-columns__inner-wrap uagb-columns__columns-3\">\n<div class=\"wp-block-uagb-column uagb-column__wrap uagb-column__background-undefined uagb-block-c69ffc3c\"><div class=\"uagb-column__overlay\"><\/div>\n<h2 class=\"wp-block-heading has-text-color has-link-color wp-elements-8cd28169b4a9dd2d842605e4216d8214\" style=\"color:#072947\">Misi\u00f3n<\/h2>\n\n\n\n<p class=\"has-text-color has-link-color wp-elements-9793c7ea70ce635acb2318afd4e62890\" style=\"color:#072947\">Somos una empresa puertorrique\u00f1a, expertos en ofrecer servicios ambientales y de mantenimiento de flota; comprometidos con la calidad, el servicio y la innovaci\u00f3n; mediante tecnolog\u00eda de avanzada y armon\u00eda con el ambiente.<\/p>\n<\/div>\n\n\n\n<div class=\"wp-block-uagb-column uagb-column__wrap uagb-column__background-undefined uagb-block-4536b3b6\"><div class=\"uagb-column__overlay\"><\/div>\n<h2 class=\"wp-block-heading has-text-color has-link-color wp-elements-06c2d90d8b9a3f15cf7d8fc41ce68169\" style=\"color:#072947\">Visi\u00f3n<\/h2>\n\n\n\n<p class=\"has-text-color has-link-color wp-elements-d8365c86fb109acde7319dfca1c18e65\" style=\"color:#072947\">Mediante la excelencia operacional y de negocios, somos l\u00edderes en ofrecer servicios ambientales y de mantenimiento de flota; siendo consistentes con la protecci\u00f3n y defensa del ambiente y comprometidos\u00a0<\/p>\n\n\n\n<p class=\"has-text-color has-link-color wp-elements-8e46d439717a066615eab24edd46abf8\" style=\"color:#072947\">con la calidad, servicio y la innovaci\u00f3n constante.<\/p>\n<\/div>\n\n\n\n<div class=\"wp-block-uagb-column uagb-column__wrap uagb-column__background-undefined uagb-block-4ebea03e\"><div class=\"uagb-column__overlay\"><\/div>\n<h2 class=\"wp-block-heading has-text-color has-link-color wp-elements-7ff86e40160c69f73ca184148c69b2b0\" style=\"color:#072947\">Valores<\/h2>\n\n\n\n<p class=\"has-text-color has-link-color wp-elements-1b0326ae817a31b99b721d15bdbb5cca\" style=\"color:#072947\">Integridad<br>Responsabilidad Individual<br>Excelencia<br>Compromiso social con el ambiente<br>\u00c9tica<\/p>\n\n\n\n<p><\/p>\n\n\n\n<p><\/p>\n<\/div>\n<\/div><\/section>\n\n\n\n<section class=\"wp-block-uagb-columns uagb-columns__wrap uagb-columns__background-color uagb-columns__stack-mobile uagb-columns__valign- uagb-columns__gap-10 align uagb-block-a8062d49 uagb-columns__columns-1 uagb-columns__max_width-theme\"><div class=\"uagb-columns__overlay\"><\/div><div class=\"uagb-columns__inner-wrap uagb-columns__columns-1\">\n<div class=\"wp-block-uagb-column uagb-column__wrap uagb-column__background-undefined uagb-block-63d34e50\"><div class=\"uagb-column__overlay\"><\/div>\n<figure class=\"wp-block-image size-large\"><img loading=\"lazy\" decoding=\"async\" width=\"1024\" height=\"612\" src=\"https:\/\/www.conwastepr.com\/wp-content\/uploads\/2026\/03\/IMG_9591-1024x612.jpg\" alt=\"\" class=\"wp-image-1282\" srcset=\"https:\/\/www.conwastepr.com\/wp-content\/uploads\/2026\/03\/IMG_9591-1024x612.jpg 1024w, https:\/\/www.conwastepr.com\/wp-content\/uploads\/2026\/03\/IMG_9591-300x179.jpg 300w, https:\/\/www.conwastepr.com\/wp-content\/uploads\/2026\/03\/IMG_9591-768x459.jpg 768w, https:\/\/www.conwastepr.com\/wp-content\/uploads\/2026\/03\/IMG_9591-18x12.jpg 18w, https:\/\/www.conwastepr.com\/wp-content\/uploads\/2026\/03\/IMG_9591.avif 1200w\" sizes=\"auto, (max-width: 1024px) 100vw, 1024px\" \/><\/figure>\n\n\n\n<figure class=\"wp-block-image size-large\"><img loading=\"lazy\" decoding=\"async\" width=\"2560\" height=\"1706\" src=\"https:\/\/www.conwastepr.com\/wp-content\/uploads\/2026\/03\/DSC03620-edited-scaled.jpg\" alt=\"\" class=\"wp-image-1288\" srcset=\"https:\/\/www.conwastepr.com\/wp-content\/uploads\/2026\/03\/DSC03620-edited-scaled.jpg 2560w, https:\/\/www.conwastepr.com\/wp-content\/uploads\/2026\/03\/DSC03620-edited-300x200.jpg 300w, https:\/\/www.conwastepr.com\/wp-content\/uploads\/2026\/03\/DSC03620-edited-1024x682.jpg 1024w, https:\/\/www.conwastepr.com\/wp-content\/uploads\/2026\/03\/DSC03620-edited-768x512.jpg 768w, https:\/\/www.conwastepr.com\/wp-content\/uploads\/2026\/03\/DSC03620-edited-693x462.jpg 693w, https:\/\/www.conwastepr.com\/wp-content\/uploads\/2026\/03\/DSC03620-edited-1536x1024.jpg 1536w, https:\/\/www.conwastepr.com\/wp-content\/uploads\/2026\/03\/DSC03620-edited-2048x1365.jpg 2048w, https:\/\/www.conwastepr.com\/wp-content\/uploads\/2026\/03\/DSC03620-edited-18x12.jpg 18w, https:\/\/www.conwastepr.com\/wp-content\/uploads\/2026\/03\/DSC03620-edited-600x400.jpg 600w\" sizes=\"auto, (max-width: 2560px) 100vw, 2560px\" \/><\/figure>\n\n\n\n<figure class=\"wp-block-image size-large\"><img loading=\"lazy\" decoding=\"async\" width=\"2048\" height=\"1365\" src=\"https:\/\/www.conwastepr.com\/wp-content\/uploads\/2026\/03\/IMG_9592-edited.jpg\" alt=\"\" class=\"wp-image-1286\" srcset=\"https:\/\/www.conwastepr.com\/wp-content\/uploads\/2026\/03\/IMG_9592-edited.jpg 2048w, https:\/\/www.conwastepr.com\/wp-content\/uploads\/2026\/03\/IMG_9592-edited-300x200.jpg 300w, https:\/\/www.conwastepr.com\/wp-content\/uploads\/2026\/03\/IMG_9592-edited-1024x683.jpg 1024w, https:\/\/www.conwastepr.com\/wp-content\/uploads\/2026\/03\/IMG_9592-edited-768x512.jpg 768w, https:\/\/www.conwastepr.com\/wp-content\/uploads\/2026\/03\/IMG_9592-edited-693x462.jpg 693w, https:\/\/www.conwastepr.com\/wp-content\/uploads\/2026\/03\/IMG_9592-edited-1536x1024.jpg 1536w, https:\/\/www.conwastepr.com\/wp-content\/uploads\/2026\/03\/IMG_9592-edited-18x12.jpg 18w, https:\/\/www.conwastepr.com\/wp-content\/uploads\/2026\/03\/IMG_9592-edited-600x400.jpg 600w\" sizes=\"auto, (max-width: 2048px) 100vw, 2048px\" \/><\/figure>\n<\/div>\n<\/div><\/section>\n","protected":false},"excerpt":{"rendered":"<p>QUI\u00c9NES SOMOS M\u00e1s de 30 a\u00f1os liderando la industria del manejo de desperdicios s\u00f3lidos en Puerto Rico. Somos una empresa netamente puertorrique\u00f1a, fundada en 1993, dedicada a ofrecer soluciones integrales en el manejo de desperdicios municipales, comerciales y biom\u00e9dicos regulados. Nuestra experiencia se extiende al dise\u00f1o de programas de reciclaje, administraci\u00f3n de Sistemas de Relleno Sanitario (vertederos) y mantenimiento especializado [&hellip;]<\/p>\n","protected":false},"author":2,"featured_media":0,"parent":0,"menu_order":0,"comment_status":"closed","ping_status":"closed","template":"page-templates\/full-width.php","meta":{"_uag_custom_page_level_css":"","_monsterinsights_skip_tracking":false,"_monsterinsights_sitenote_active":false,"_monsterinsights_sitenote_note":"","_monsterinsights_sitenote_category":0,"footnotes":""},"class_list":["post-1243","page","type-page","status-publish","hentry"],"uagb_featured_image_src":{"full":false,"thumbnail":false,"medium":false,"medium_large":false,"large":false,"elegant_blocks_team_1":false,"elegant_blocks_blog_1":false,"elegant_blocks_slider_1":false,"1536x1536":false,"2048x2048":false,"trp-custom-language-flag":false,"bizberg_medium":false,"bizberg_gallery":false,"bizberg_blog_list":false,"bizberg_detail_image":false,"bizberg_portfolio_homepage":false,"bizberg_blog_list_no_sidebar_1":false,"bizberg_detail_image_no_sidebar":false},"uagb_author_info":{"display_name":"jesparra","author_link":"https:\/\/www.conwastepr.com\/es\/author\/jesparra\/"},"uagb_comment_info":0,"uagb_excerpt":"QUI\u00c9NES SOMOS M\u00e1s de 30 a\u00f1os liderando la industria del manejo de desperdicios s\u00f3lidos en Puerto Rico. Somos una empresa netamente puertorrique\u00f1a, fundada en 1993, dedicada a ofrecer soluciones integrales en el manejo de desperdicios municipales, comerciales y biom\u00e9dicos regulados. Nuestra experiencia se extiende al dise\u00f1o de programas de reciclaje, administraci\u00f3n de Sistemas de Relleno&hellip;","_links":{"self":[{"href":"https:\/\/www.conwastepr.com\/es\/wp-json\/wp\/v2\/pages\/1243","targetHints":{"allow":["GET"]}}],"collection":[{"href":"https:\/\/www.conwastepr.com\/es\/wp-json\/wp\/v2\/pages"}],"about":[{"href":"https:\/\/www.conwastepr.com\/es\/wp-json\/wp\/v2\/types\/page"}],"author":[{"embeddable":true,"href":"https:\/\/www.conwastepr.com\/es\/wp-json\/wp\/v2\/users\/2"}],"replies":[{"embeddable":true,"href":"https:\/\/www.conwastepr.com\/es\/wp-json\/wp\/v2\/comments?post=1243"}],"version-history":[{"count":19,"href":"https:\/\/www.conwastepr.com\/es\/wp-json\/wp\/v2\/pages\/1243\/revisions"}],"predecessor-version":[{"id":1369,"href":"https:\/\/www.conwastepr.com\/es\/wp-json\/wp\/v2\/pages\/1243\/revisions\/1369"}],"wp:attachment":[{"href":"https:\/\/www.conwastepr.com\/es\/wp-json\/wp\/v2\/media?parent=1243"}],"curies":[{"name":"wp","href":"https:\/\/api.w.org\/{rel}","templated":true}]}}