{"id":176,"date":"2020-01-14T14:27:33","date_gmt":"2020-01-14T14:27:33","guid":{"rendered":"https:\/\/www.conwastepr.com\/?page_id=176"},"modified":"2026-03-13T17:25:50","modified_gmt":"2026-03-13T17:25:50","slug":"manufactureros-y-contratistas","status":"publish","type":"page","link":"https:\/\/www.conwastepr.com\/es\/manufactureros-y-contratistas\/","title":{"rendered":"Manufactureros y Contratistas"},"content":{"rendered":"\n<div class=\"wp-block-cover aligncenter\" style=\"min-height:280px;aspect-ratio:unset;\"><img loading=\"lazy\" decoding=\"async\" width=\"886\" height=\"591\" class=\"wp-block-cover__image-background wp-image-345\" alt=\"\" src=\"https:\/\/www.conwastepr.com\/wp-content\/uploads\/2020\/01\/Manufactureros-y-Contratistas-01.png\" data-object-fit=\"cover\" srcset=\"https:\/\/www.conwastepr.com\/wp-content\/uploads\/2020\/01\/Manufactureros-y-Contratistas-01.png 886w, https:\/\/www.conwastepr.com\/wp-content\/uploads\/2020\/01\/Manufactureros-y-Contratistas-01-300x200.png 300w, https:\/\/www.conwastepr.com\/wp-content\/uploads\/2020\/01\/Manufactureros-y-Contratistas-01-768x512.png 768w, https:\/\/www.conwastepr.com\/wp-content\/uploads\/2020\/01\/Manufactureros-y-Contratistas-01-693x462.png 693w, https:\/\/www.conwastepr.com\/wp-content\/uploads\/2020\/01\/Manufactureros-y-Contratistas-01-600x400.png 600w\" sizes=\"auto, (max-width: 886px) 100vw, 886px\" \/><span aria-hidden=\"true\" class=\"wp-block-cover__background has-background-dim\"><\/span><div class=\"wp-block-cover__inner-container is-layout-flow wp-block-cover-is-layout-flow\">\n<div class=\"wp-block-uagb-advanced-heading uagb-block-da619a2e\"><h2 class=\"uagb-heading-text\"><span class=\"uppercase\">Manufactureros y Contratistas<\/span><\/h2><\/div>\n\n\n\n<p class=\"has-text-align-center\" style=\"font-size:60px\"><\/p>\n<\/div><\/div>\n\n\n\n<section class=\"wp-block-uagb-columns uagb-columns__wrap uagb-columns__background-color uagb-columns__stack-tablet uagb-columns__valign- uagb-columns__gap-10 align uagb-block-a9a5ae4c uagb-columns__columns-2 uagb-columns__max_width-custom\"><div class=\"uagb-columns__overlay\"><\/div><div class=\"uagb-columns__inner-wrap uagb-columns__columns-2\">\n<div class=\"wp-block-uagb-column uagb-column__wrap uagb-column__background-undefined uagb-block-e59db314\"><div class=\"uagb-column__overlay\"><\/div>\n<div class=\"wp-block-uagb-advanced-heading uagb-block-b08cc827\" id=\"uagb-adv-heading-9f3e7005-50a4-4f16-8f7d-3da59546c0fd\"><h2 class=\"uagb-heading-text\">MANEJO EFECTIVO DE DESPERDICIOS S\u00d3LIDOS<\/h2><\/div>\n\n\n\n<p>Potenciamos el desarrollo de la manufactura y construcci\u00f3n con log\u00edstica de desperdicios de alto nivel. Desde contenedores de Carga Rodada (Roll-Off) hasta Compactadores de alta capacidad.<\/p>\n\n\n\n<p><strong>Conocemos sus procesos, optimizamos sus costos y cumplimos con cada regulaci\u00f3n.<\/strong><\/p>\n\n\n\n<div id=\"section-g-419sc1p\" class=\"wp-block-gutentor-e2 section-g-419sc1p gutentor-element gutentor-element-button\"><span class=\"gutentor-button-wrap\"><a class=\"gutentor-button gutentor-block-button gutentor-icon-hide\" href=\"https:\/\/www.conwastepr.com\/solicitud-de-cotizacion\/\"><i class=\"gutentor-button-icon fas fa-book\"><\/i><span>Solicite su cotizaci\u00f3n<\/span><\/a><\/span><\/div>\n<\/div>\n\n\n\n<div class=\"wp-block-uagb-column uagb-column__wrap uagb-column__background-undefined uagb-block-7d332bd8\"><div class=\"uagb-column__overlay\"><\/div>\n<figure class=\"wp-block-image size-large is-resized\"><img loading=\"lazy\" decoding=\"async\" width=\"394\" height=\"591\" src=\"https:\/\/www.conwastepr.com\/wp-content\/uploads\/2020\/01\/Manufactureros-y-Contratistas2-01.png\" alt=\"\" class=\"wp-image-348\" style=\"width:332px;height:495px\" srcset=\"https:\/\/www.conwastepr.com\/wp-content\/uploads\/2020\/01\/Manufactureros-y-Contratistas2-01.png 394w, https:\/\/www.conwastepr.com\/wp-content\/uploads\/2020\/01\/Manufactureros-y-Contratistas2-01-200x300.png 200w\" sizes=\"auto, (max-width: 394px) 100vw, 394px\" \/><\/figure>\n<\/div>\n<\/div><\/section>\n\n\n<div class=\"wp-block-image\">\n<figure class=\"aligncenter size-large\"><img loading=\"lazy\" decoding=\"async\" width=\"1024\" height=\"683\" src=\"https:\/\/www.conwastepr.com\/wp-content\/uploads\/2020\/01\/manufactura-full-01-1024x683.png\" alt=\"\" class=\"wp-image-333\" srcset=\"https:\/\/www.conwastepr.com\/wp-content\/uploads\/2020\/01\/manufactura-full-01-1024x683.png 1024w, https:\/\/www.conwastepr.com\/wp-content\/uploads\/2020\/01\/manufactura-full-01-300x200.png 300w, https:\/\/www.conwastepr.com\/wp-content\/uploads\/2020\/01\/manufactura-full-01-768x512.png 768w, https:\/\/www.conwastepr.com\/wp-content\/uploads\/2020\/01\/manufactura-full-01-693x462.png 693w, https:\/\/www.conwastepr.com\/wp-content\/uploads\/2020\/01\/manufactura-full-01-1536x1024.png 1536w, https:\/\/www.conwastepr.com\/wp-content\/uploads\/2020\/01\/manufactura-full-01-600x400.png 600w, https:\/\/www.conwastepr.com\/wp-content\/uploads\/2020\/01\/manufactura-full-01-1320x880.png 1320w, https:\/\/www.conwastepr.com\/wp-content\/uploads\/2020\/01\/manufactura-full-01.png 1845w\" sizes=\"auto, (max-width: 1024px) 100vw, 1024px\" \/><\/figure>\n<\/div>\n\n<div class=\"wp-block-image\">\n<figure class=\"aligncenter size-large\"><img loading=\"lazy\" decoding=\"async\" width=\"1024\" height=\"683\" src=\"https:\/\/www.conwastepr.com\/wp-content\/uploads\/2020\/01\/manufactura-full2-01-1024x683.png\" alt=\"\" class=\"wp-image-334\" srcset=\"https:\/\/www.conwastepr.com\/wp-content\/uploads\/2020\/01\/manufactura-full2-01-1024x683.png 1024w, https:\/\/www.conwastepr.com\/wp-content\/uploads\/2020\/01\/manufactura-full2-01-300x200.png 300w, https:\/\/www.conwastepr.com\/wp-content\/uploads\/2020\/01\/manufactura-full2-01-768x512.png 768w, https:\/\/www.conwastepr.com\/wp-content\/uploads\/2020\/01\/manufactura-full2-01-693x462.png 693w, https:\/\/www.conwastepr.com\/wp-content\/uploads\/2020\/01\/manufactura-full2-01-1536x1024.png 1536w, https:\/\/www.conwastepr.com\/wp-content\/uploads\/2020\/01\/manufactura-full2-01-600x400.png 600w, https:\/\/www.conwastepr.com\/wp-content\/uploads\/2020\/01\/manufactura-full2-01-1320x880.png 1320w, https:\/\/www.conwastepr.com\/wp-content\/uploads\/2020\/01\/manufactura-full2-01.png 1845w\" sizes=\"auto, (max-width: 1024px) 100vw, 1024px\" \/><\/figure>\n<\/div>\n\n<div class=\"wp-block-image\">\n<figure class=\"aligncenter size-large\"><img loading=\"lazy\" decoding=\"async\" width=\"1024\" height=\"683\" src=\"https:\/\/www.conwastepr.com\/wp-content\/uploads\/2020\/01\/manufactura-full3-01-1024x683.png\" alt=\"\" class=\"wp-image-335\" srcset=\"https:\/\/www.conwastepr.com\/wp-content\/uploads\/2020\/01\/manufactura-full3-01-1024x683.png 1024w, https:\/\/www.conwastepr.com\/wp-content\/uploads\/2020\/01\/manufactura-full3-01-300x200.png 300w, https:\/\/www.conwastepr.com\/wp-content\/uploads\/2020\/01\/manufactura-full3-01-768x512.png 768w, https:\/\/www.conwastepr.com\/wp-content\/uploads\/2020\/01\/manufactura-full3-01-693x462.png 693w, https:\/\/www.conwastepr.com\/wp-content\/uploads\/2020\/01\/manufactura-full3-01-1536x1024.png 1536w, https:\/\/www.conwastepr.com\/wp-content\/uploads\/2020\/01\/manufactura-full3-01-600x400.png 600w, https:\/\/www.conwastepr.com\/wp-content\/uploads\/2020\/01\/manufactura-full3-01-1320x880.png 1320w, https:\/\/www.conwastepr.com\/wp-content\/uploads\/2020\/01\/manufactura-full3-01.png 1845w\" sizes=\"auto, (max-width: 1024px) 100vw, 1024px\" \/><\/figure>\n<\/div>","protected":false},"excerpt":{"rendered":"<p>MANEJO EFECTIVO DE DESPERDICIOS S\u00d3LIDOS Potenciamos el desarrollo de la manufactura y construcci\u00f3n con log\u00edstica de desperdicios de alto nivel. Desde contenedores de Carga Rodada (Roll-Off) hasta Compactadores de alta capacidad. Conocemos sus procesos, optimizamos sus costos y cumplimos con cada regulaci\u00f3n.<\/p>\n","protected":false},"author":2,"featured_media":0,"parent":0,"menu_order":0,"comment_status":"closed","ping_status":"closed","template":"page-templates\/full-width.php","meta":{"_uag_custom_page_level_css":"","_monsterinsights_skip_tracking":false,"_monsterinsights_sitenote_active":false,"_monsterinsights_sitenote_note":"","_monsterinsights_sitenote_category":0,"footnotes":""},"class_list":["post-176","page","type-page","status-publish","hentry"],"uagb_featured_image_src":{"full":false,"thumbnail":false,"medium":false,"medium_large":false,"large":false,"elegant_blocks_team_1":false,"elegant_blocks_blog_1":false,"elegant_blocks_slider_1":false,"1536x1536":false,"2048x2048":false,"trp-custom-language-flag":false,"bizberg_medium":false,"bizberg_gallery":false,"bizberg_blog_list":false,"bizberg_detail_image":false,"bizberg_portfolio_homepage":false,"bizberg_blog_list_no_sidebar_1":false,"bizberg_detail_image_no_sidebar":false},"uagb_author_info":{"display_name":"jesparra","author_link":"https:\/\/www.conwastepr.com\/es\/author\/jesparra\/"},"uagb_comment_info":0,"uagb_excerpt":"MANEJO EFECTIVO DE DESPERDICIOS S\u00d3LIDOS Potenciamos el desarrollo de la manufactura y construcci\u00f3n con log\u00edstica de desperdicios de alto nivel. Desde contenedores de Carga Rodada (Roll-Off) hasta Compactadores de alta capacidad. Conocemos sus procesos, optimizamos sus costos y cumplimos con cada regulaci\u00f3n.","_links":{"self":[{"href":"https:\/\/www.conwastepr.com\/es\/wp-json\/wp\/v2\/pages\/176","targetHints":{"allow":["GET"]}}],"collection":[{"href":"https:\/\/www.conwastepr.com\/es\/wp-json\/wp\/v2\/pages"}],"about":[{"href":"https:\/\/www.conwastepr.com\/es\/wp-json\/wp\/v2\/types\/page"}],"author":[{"embeddable":true,"href":"https:\/\/www.conwastepr.com\/es\/wp-json\/wp\/v2\/users\/2"}],"replies":[{"embeddable":true,"href":"https:\/\/www.conwastepr.com\/es\/wp-json\/wp\/v2\/comments?post=176"}],"version-history":[{"count":18,"href":"https:\/\/www.conwastepr.com\/es\/wp-json\/wp\/v2\/pages\/176\/revisions"}],"predecessor-version":[{"id":1216,"href":"https:\/\/www.conwastepr.com\/es\/wp-json\/wp\/v2\/pages\/176\/revisions\/1216"}],"wp:attachment":[{"href":"https:\/\/www.conwastepr.com\/es\/wp-json\/wp\/v2\/media?parent=176"}],"curies":[{"name":"wp","href":"https:\/\/api.w.org\/{rel}","templated":true}]}}