{"id":48,"date":"2019-11-04T08:08:08","date_gmt":"2019-11-04T08:08:08","guid":{"rendered":"https:\/\/building-construction-architecture.cyclonethemes.com\/?page_id=11"},"modified":"2026-03-15T14:46:42","modified_gmt":"2026-03-15T14:46:42","slug":"es","status":"publish","type":"page","link":"https:\/\/www.conwastepr.com\/es\/","title":{"rendered":"Conwaste"},"content":{"rendered":"\n<div class=\"wp-block-cover aligncenter has-parallax\" style=\"min-height:513px;aspect-ratio:unset;\"><div class=\"wp-block-cover__image-background wp-image-1278 size-large has-parallax\" style=\"background-position:50% 50%;background-image:url(https:\/\/www.conwastepr.com\/wp-content\/uploads\/2026\/03\/ConWaste-Lideres-en-el-manejo-de-desperdicios-solidos-en-PR-1024x597.png)\"><\/div><span aria-hidden=\"true\" class=\"wp-block-cover__background has-background-dim\" style=\"background-color:#576884\"><\/span><div class=\"wp-block-cover__inner-container is-layout-flow wp-block-cover-is-layout-flow\">\n<p class=\"has-text-align-center has-white-color has-text-color\" style=\"font-size:35px\"><strong>L\u00edderes en Manejo Integral de Desperdicios en Puerto Rico<\/strong><\/p>\n\n\n\n<p class=\"has-text-align-center\" style=\"font-size:18px\">Soluciones eficientes y puntualidad garantizada para m\u00e1s de 6,500 clientes comerciales y 700,000 hogares semanalmente.<\/p>\n\n\n\n<div id=\"section-g-f199q1x\" class=\"wp-block-gutentor-e2 section-g-f199q1x gutentor-element gutentor-element-button button-align-center-desktop button-align-center-tablet button-align-center-mobile\"><span class=\"gutentor-button-wrap\"><a class=\"gutentor-button gutentor-block-button gutentor-icon-hide\" href=\"https:\/\/www.conwastepr.com\/es\/solicitud-de-cotizacion\/\"><i class=\"gutentor-button-icon fas fa-book\"><\/i><span><strong>Solicitar Cotizaci\u00f3n Gratuita<\/strong><\/span><\/a><\/span><\/div>\n<\/div><\/div>\n\n\n\n<div class=\"wp-block-group\"><div class=\"wp-block-group__inner-container is-layout-constrained wp-block-group-is-layout-constrained\">\n<div class=\"wp-block-columns are-vertically-aligned-top is-layout-flex wp-container-core-columns-is-layout-9d6595d7 wp-block-columns-is-layout-flex\">\n<div class=\"wp-block-column is-vertically-aligned-top is-layout-flow wp-block-column-is-layout-flow\" style=\"flex-basis:100%\">\n<section class=\"wp-block-uagb-columns uagb-columns__wrap uagb-columns__background-color uagb-columns__stack-mobile uagb-columns__valign- uagb-columns__gap-10 align uagb-block-297a539e uagb-columns__columns-4 uagb-columns__max_width-theme\"><div class=\"uagb-columns__overlay\"><\/div><div class=\"uagb-columns__inner-wrap uagb-columns__columns-4\">\n<div class=\"wp-block-uagb-column uagb-column__wrap uagb-column__background-undefined uagb-block-7895a9a3\"><div class=\"uagb-column__overlay\"><\/div>\n<div id=\"section-g-y9n4gzv\" class=\"wp-block-gutentor-e5 section-g-y9n4gzv gutentor-element gutentor-element-icon gutentor-icon-default text-align-center-desktop text-align-center-tablet text-align-center-mobile\"><div class=\"gutentor-element-icon-box\"><i class=\"far fa-calendar-alt\"><\/i><\/div><\/div>\n\n\n\n<p class=\"has-text-align-center has-white-color has-text-color has-link-color wp-elements-8b681023599f2a2914b29061a53ab020\" style=\"font-size:30px\"><strong>30+ A\u00f1os<\/strong><\/p>\n\n\n\n<p class=\"has-text-align-center has-white-color has-text-color has-link-color has-small-font-size wp-elements-2004d755f253006cecd34290370d6754\">De Experiencia y Liderazgo en la Isla<\/p>\n<\/div>\n\n\n\n<div class=\"wp-block-uagb-column uagb-column__wrap uagb-column__background-undefined uagb-block-ffaeb791\"><div class=\"uagb-column__overlay\"><\/div>\n<div id=\"section-g-gb9qzt9\" class=\"wp-block-gutentor-e5 section-g-gb9qzt9 gutentor-element gutentor-element-icon gutentor-icon-default text-align-center-desktop text-align-center-tablet text-align-center-mobile\"><div class=\"gutentor-element-icon-box\"><i class=\"fas fa-home\"><\/i><\/div><\/div>\n\n\n\n<p class=\"has-text-align-center has-white-color has-text-color has-link-color wp-elements-7ada478b5f5b53d041fb577d9ef3cafc\" style=\"font-size:30px\"><strong>700,000+<\/strong><\/p>\n\n\n\n<p class=\"has-text-align-center has-white-color has-text-color has-link-color has-small-font-size wp-elements-c8650a8a43c651ab322f66d7cb1b1321\">Hogares servidos semanalmente<\/p>\n<\/div>\n\n\n\n<div class=\"wp-block-uagb-column uagb-column__wrap uagb-column__background-undefined uagb-block-d856a45c\"><div class=\"uagb-column__overlay\"><\/div>\n<div id=\"section-g-0a890o0\" class=\"wp-block-gutentor-e5 section-g-0a890o0 gutentor-element gutentor-element-icon gutentor-icon-default text-align-center-desktop text-align-center-tablet text-align-center-mobile\"><div class=\"gutentor-element-icon-box\"><i class=\"fas fa-building\"><\/i><\/div><\/div>\n\n\n\n<p class=\"has-text-align-center has-white-color has-text-color has-link-color wp-elements-2c307319b2415b926722cd66771d2212\" style=\"font-size:30px\"><strong>6,500+<\/strong><\/p>\n\n\n\n<p class=\"has-text-align-center has-white-color has-text-color has-link-color has-small-font-size wp-elements-483b4818c6ce81f8839ef5d47809c275\">Clientes Comerciales e Industriales<\/p>\n<\/div>\n\n\n\n<div class=\"wp-block-uagb-column uagb-column__wrap uagb-column__background-undefined uagb-block-f88fd278\"><div class=\"uagb-column__overlay\"><\/div>\n<div id=\"section-g-jy7ngmk\" class=\"wp-block-gutentor-e5 section-g-jy7ngmk gutentor-element gutentor-element-icon gutentor-icon-default text-align-center-desktop text-align-center-tablet text-align-center-mobile\"><div class=\"gutentor-element-icon-box\"><i class=\"fas fa-medkit\"><\/i><\/div><\/div>\n\n\n\n<p class=\"has-text-align-center has-white-color has-text-color has-link-color wp-elements-db8b7d93b4351b686c9222385769bd3b\" style=\"font-size:30px\"><strong>3,000+<\/strong><\/p>\n\n\n\n<p class=\"has-text-align-center has-white-color has-text-color has-link-color has-small-font-size wp-elements-7fbc78a8ebd6e1d8f48e7cc59ee9eecf\">Clientes Biom\u00e9dicos<\/p>\n<\/div>\n<\/div><\/section>\n<\/div>\n<\/div>\n<\/div><\/div>\n\n\n\n<div class=\"wp-block-group has-background is-vertical is-content-justification-center is-layout-flex wp-container-core-group-is-layout-29c98cec wp-block-group-is-layout-flex\" style=\"background-color:#f4f4f4;padding-top:var(--wp--preset--spacing--80);padding-right:0;padding-bottom:var(--wp--preset--spacing--80);padding-left:0\"><h1 style=\"font-style:normal;font-weight:700;\" class=\"has-text-align-center wp-block-site-title has-medium-font-size\"><a href=\"https:\/\/www.conwastepr.com\/es\/\" target=\"_self\" rel=\"home\">Manejo de Desperdicios S\u00f3lidos en Puerto Rico | ConWaste<\/a><\/h1>\n\n\n<p class=\"has-text-align-center\" style=\"font-size:18px\">Desde el recogido comercial hasta el procesamiento biom\u00e9dico, garantizamos eficiencia, puntualidad y cumplimiento ambiental.<\/p>\n\n\n\n<div style=\"height:0px\" aria-hidden=\"true\" class=\"wp-block-spacer wp-container-content-62aae154\"><\/div>\n\n\n\n<div class=\"wp-block-buttons is-content-justification-center is-layout-flex wp-container-core-buttons-is-layout-16018d1d wp-block-buttons-is-layout-flex\">\n<div class=\"wp-block-button has-custom-width wp-block-button__width-100\"><a class=\"wp-block-button__link has-background wp-element-button\" href=\"https:\/\/www.conwastepr.com\/es\/manufactureros-y-contratistas\/\" style=\"background-color:#072947\">Comercial e Industrial<\/a><\/div>\n\n\n\n<div class=\"wp-block-button has-custom-width wp-block-button__width-100\"><a class=\"wp-block-button__link has-background wp-element-button\" href=\"https:\/\/www.conwastepr.com\/es\/manufactureros-y-contratistas\/\" style=\"background-color:#072947\">Construcci\u00f3n y Proyectos<\/a><\/div>\n\n\n\n<div class=\"wp-block-button has-custom-width wp-block-button__width-100\"><a class=\"wp-block-button__link has-background wp-element-button\" href=\"https:\/\/www.conwastepr.com\/es\/biomedico\/\" style=\"background-color:#072947\">Desperdicios Biom\u00e9dicos Regulados<\/a><\/div>\n\n\n\n<div class=\"wp-block-button has-custom-width wp-block-button__width-100 is-style-fill\"><a class=\"wp-block-button__link has-background wp-element-button\" href=\"https:\/\/www.conwastepr.com\/es\/servicios-municipales\/\" style=\"background-color:#072947\">Servicios Municipales y Residenciales<\/a><\/div>\n<\/div>\n<\/div>\n\n\n\n<section class=\"wp-block-uagb-columns uagb-columns__wrap uagb-columns__background-color uagb-columns__stack-tablet uagb-columns__valign- uagb-columns__gap-0 align uagb-block-0bcff000 uagb-columns__columns-2 uagb-columns__max_width-custom\"><div class=\"uagb-columns__overlay\"><\/div><div class=\"uagb-columns__inner-wrap uagb-columns__columns-2\">\n<div class=\"wp-block-uagb-column uagb-column__wrap uagb-column__background-undefined uagb-block-3caca16e\"><div class=\"uagb-column__overlay\"><\/div>\n<figure class=\"wp-block-gallery has-nested-images columns-default is-cropped wp-block-gallery-1 is-layout-flex wp-block-gallery-is-layout-flex\">\n<figure class=\"wp-block-image size-large\"><img loading=\"lazy\" decoding=\"async\" width=\"1024\" height=\"693\" data-id=\"1314\" src=\"https:\/\/www.conwastepr.com\/wp-content\/uploads\/2026\/03\/7F6875F6-E33A-4112-A235-ECF673B99564-1024x693.jpg\" alt=\"\" class=\"wp-image-1314\" style=\"aspect-ratio:3\/2\" srcset=\"https:\/\/www.conwastepr.com\/wp-content\/uploads\/2026\/03\/7F6875F6-E33A-4112-A235-ECF673B99564-1024x693.jpg 1024w, https:\/\/www.conwastepr.com\/wp-content\/uploads\/2026\/03\/7F6875F6-E33A-4112-A235-ECF673B99564-300x203.jpg 300w, https:\/\/www.conwastepr.com\/wp-content\/uploads\/2026\/03\/7F6875F6-E33A-4112-A235-ECF673B99564-768x520.jpg 768w, https:\/\/www.conwastepr.com\/wp-content\/uploads\/2026\/03\/7F6875F6-E33A-4112-A235-ECF673B99564-18x12.jpg 18w, https:\/\/www.conwastepr.com\/wp-content\/uploads\/2026\/03\/7F6875F6-E33A-4112-A235-ECF673B99564.jpg 1470w\" sizes=\"auto, (max-width: 1024px) 100vw, 1024px\" \/><\/figure>\n<\/figure>\n<\/div>\n\n\n\n<div class=\"wp-block-uagb-column uagb-column__wrap uagb-column__background-undefined uagb-block-0b62aef1\"><div class=\"uagb-column__overlay\"><\/div>\n<div class=\"wp-block-uagb-advanced-heading uagb-block-9de3cd54\" id=\"uagb-adv-heading-a66a862a-7072-4c42-ad9f-6a51cc7da6e2\"><h3 class=\"uagb-heading-text\">Eleve el est\u00e1ndar de su operaci\u00f3n. Ponemos a su disposici\u00f3n flota y contenedores de diversos tama\u00f1os para entrega inmediata, adapt\u00e1ndonos a proyectos espec\u00edficos o necesidades continuas. Es la gesti\u00f3n de residuos m\u00e1s eficiente y robusta disponible en la Isla.<\/h3><\/div>\n\n\n\n<section class=\"wp-block-uagb-columns uagb-columns__wrap uagb-columns__background-none uagb-columns__stack-tablet uagb-columns__valign- uagb-columns__gap-0 align uagb-block-95c8c27b uagb-columns__columns-1 uagb-columns__max_width-custom\"><div class=\"uagb-columns__overlay\"><\/div><div class=\"uagb-columns__inner-wrap uagb-columns__columns-1\">\n<div class=\"wp-block-uagb-column uagb-column__wrap uagb-column__background-undefined uagb-column__align-tablet-left uagb-block-faeb8fed\"><div class=\"uagb-column__overlay\"><\/div>\n<div class=\"wp-block-uagb-marketing-button uagb-marketing-btn__align-center uagb-marketing-btn__align-text-center uagb-marketing-btn__icon-before uagb-block-b4f2ea8a wp-block-button\"><a href=\"https:\/\/www.conwastepr.com\/solicitud-de-cotizacion\/\" class=\"uagb-marketing-btn__link wp-block-button__link\" target=\"\" rel=\"noopener noreferrer\"><h6 class=\"uagb-marketing-btn__title\">Solicitar Cotizaci\u00f3n y Evaluaci\u00f3n<\/h6><p class=\"uagb-marketing-btn__prefix\"><\/p><\/a><\/div>\n\n\n\n<p><\/p>\n<\/div>\n<\/div><\/section>\n<\/div>\n<\/div><\/section>\n\n\n\n<div class=\"wp-block-group\"><div class=\"wp-block-group__inner-container is-layout-constrained wp-block-group-is-layout-constrained\">\n<section class=\"wp-block-uagb-columns uagb-columns__wrap uagb-columns__background-color uagb-columns__stack-mobile uagb-columns__valign- uagb-columns__gap-10 align uagb-block-8c7073a2 uagb-columns__columns-1 uagb-columns__max_width-theme\"><div class=\"uagb-columns__overlay\"><\/div><div class=\"uagb-columns__inner-wrap uagb-columns__columns-1\">\n<div class=\"wp-block-uagb-column uagb-column__wrap uagb-column__background-undefined uagb-block-9152c4d6\"><div class=\"uagb-column__overlay\"><\/div>\n<p class=\"has-text-align-center has-text-color has-link-color wp-elements-d25cc900117f321414ef790b33cdfb6b\" style=\"color:#98a6b3;font-size:30px\"><strong>#somosConWaste<\/strong><\/p>\n<\/div>\n<\/div><\/section>\n<\/div><\/div>\n\n\n\n<section class=\"wp-block-uagb-columns uagb-columns__wrap uagb-columns__background-color uagb-columns__stack-mobile uagb-columns__valign- uagb-columns__gap-20 align uagb-block-c06dd31a uagb-columns__columns-3 uagb-columns__max_width-custom\"><div class=\"uagb-columns__overlay\"><\/div><div class=\"uagb-columns__inner-wrap uagb-columns__columns-3\">\n<div class=\"wp-block-uagb-column uagb-column__wrap uagb-column__background-none uagb-column__align-tablet-left uagb-block-e30c86ec\"><div class=\"uagb-column__overlay\"><\/div>\n<div class=\"wp-block-uagb-icon-list uagb-block-9b6c5fb2 uagb-icon-list__outer-wrap uagb-icon-list__layout-vertical\"><div class=\"uagb-icon-list__wrap\">\n<div class=\"wp-block-uagb-icon-list-child uagb-block-0db3962e uagb-icon-list-repeater uagb-icon-list__wrapper\"><a target=\"_self\" aria-label=\"Oficina Central787.273.7639\" rel=\"noopener noreferrer\" href=\"tel:787-273-7639\"> <\/a><span class=\"uagb-icon-list__source-wrap\"><svg xmlns=\"https:\/\/www.w3.org\/2000\/svg\" viewBox=\"0 0 512 512\"><path d=\"M511.2 387l-23.25 100.8c-3.266 14.25-15.79 24.22-30.46 24.22C205.2 512 0 306.8 0 54.5c0-14.66 9.969-27.2 24.22-30.45l100.8-23.25C139.7-2.602 154.7 5.018 160.8 18.92l46.52 108.5c5.438 12.78 1.77 27.67-8.98 36.45L144.5 207.1c33.98 69.22 90.26 125.5 159.5 159.5l44.08-53.8c8.688-10.78 23.69-14.51 36.47-8.975l108.5 46.51C506.1 357.2 514.6 372.4 511.2 387z\"><\/path><\/svg><\/span><span class=\"uagb-icon-list__label\">Oficina Central<br>787.273.7639<\/span><\/div>\n<\/div><\/div>\n\n\n\n<p><\/p>\n<\/div>\n\n\n\n<div class=\"wp-block-uagb-column uagb-column__wrap uagb-column__background-undefined uagb-block-0ce6e43e\"><div class=\"uagb-column__overlay\"><\/div>\n<div class=\"wp-block-uagb-icon-list uagb-block-eaa7c3bc uagb-icon-list__outer-wrap uagb-icon-list__layout-vertical\"><div class=\"uagb-icon-list__wrap\">\n<div class=\"wp-block-uagb-icon-list-child uagb-block-12d15486 uagb-icon-list-repeater uagb-icon-list__wrapper\"><a target=\"_self\" aria-label=\"Carr. 189 Km.9 Bo. Mamey\" rel=\"noopener noreferrer\" href=\"https:\/\/www.google.com\/maps\/place\/ConWaste\/@18.2499986,-65.9602955,17z\/data=!3m1!4b1!4m5!3m4!1s0x8c035c0aecd8a017:0xba7a9ac35fb0219b!8m2!3d18.2499986!4d-65.9581068\"> <\/a><span class=\"uagb-icon-list__source-wrap\"><svg xmlns=\"https:\/\/www.w3.org\/2000\/svg\" viewBox=\"0 0 448 512\"><path d=\"M285.6 444.1C279.8 458.3 264.8 466.3 249.8 463.4C234.8 460.4 223.1 447.3 223.1 432V256H47.1C32.71 256 19.55 245.2 16.6 230.2C13.65 215.2 21.73 200.2 35.88 194.4L387.9 50.38C399.8 45.5 413.5 48.26 422.6 57.37C431.7 66.49 434.5 80.19 429.6 92.12L285.6 444.1z\"><\/path><\/svg><\/span><span class=\"uagb-icon-list__label\">Carr. 189 Km.9 Bo. Mamey<\/span><\/div>\n<\/div><\/div>\n\n\n\n<p><\/p>\n<\/div>\n\n\n\n<div class=\"wp-block-uagb-column uagb-column__wrap uagb-column__background-undefined uagb-block-6941044c\"><div class=\"uagb-column__overlay\"><\/div>\n<div class=\"wp-block-uagb-icon-list uagb-block-7b1b503b uagb-icon-list__outer-wrap uagb-icon-list__layout-vertical\"><div class=\"uagb-icon-list__wrap\">\n<div class=\"wp-block-uagb-icon-list-child uagb-block-dcc77885 uagb-icon-list-repeater uagb-icon-list__wrapper\"><a target=\"_self\" aria-label=\"PO BOX 1322 GURABO, PR 00778\" rel=\"noopener noreferrer\" href=\"#\"> <\/a><span class=\"uagb-icon-list__source-wrap\"><svg xmlns=\"https:\/\/www.w3.org\/2000\/svg\" viewBox=\"0 0 640 512\"><path d=\"M191.9 448.6c-9.766 0-19.48-2.969-27.78-8.891L32 340.2V480c0 17.62 14.38 32 32 32h256c17.62 0 32-14.38 32-32v-139.8L220.2 439.5C211.7 445.6 201.8 448.6 191.9 448.6zM192 192c0-35.25 28.75-64 64-64h224V32c0-17.62-14.38-32-32-32H128C110.4 0 96 14.38 96 32v192h96V192zM320 256H64C46.38 256 32 270.4 32 288v12.18l151 113.8c5.25 3.719 12.7 3.734 18.27-.25L352 300.2V288C352 270.4 337.6 256 320 256zM576 160H256C238.4 160 224 174.4 224 192v32h96c33.25 0 60.63 25.38 63.75 57.88L384 416h192c17.62 0 32-14.38 32-32V192C608 174.4 593.6 160 576 160zM544 288h-64V224h64V288z\"><\/path><\/svg><\/span><span class=\"uagb-icon-list__label\">PO BOX 1322 GURABO, PR 00778<\/span><\/div>\n<\/div><\/div>\n<\/div>\n<\/div><\/section>\n\n\n\n\n\n\n\n<p><\/p>\n","protected":false},"excerpt":{"rendered":"<p>30+ A\u00f1os De Experiencia y Liderazgo en la Isla 700,000+ Hogares servidos semanalmente 6,500+ Clientes Comerciales e Industriales 3,000+ Clientes Biom\u00e9dicos Desde el recogido comercial hasta el procesamiento biom\u00e9dico, garantizamos eficiencia, puntualidad y cumplimiento ambiental. Eleve el est\u00e1ndar de su operaci\u00f3n. Ponemos a su disposici\u00f3n flota y contenedores de diversos tama\u00f1os para entrega inmediata, adapt\u00e1ndonos a proyectos espec\u00edficos o necesidades [&hellip;]<\/p>\n","protected":false},"author":2,"featured_media":1319,"parent":0,"menu_order":0,"comment_status":"closed","ping_status":"closed","template":"page-templates\/full-width.php","meta":{"_uag_custom_page_level_css":"","_monsterinsights_skip_tracking":false,"_monsterinsights_sitenote_active":false,"_monsterinsights_sitenote_note":"","_monsterinsights_sitenote_category":0,"footnotes":""},"class_list":["post-48","page","type-page","status-publish","has-post-thumbnail","hentry"],"uagb_featured_image_src":{"full":["https:\/\/www.conwastepr.com\/wp-content\/uploads\/2026\/03\/E5BF3678-A0E6-4231-8E98-96D8B7DE7E80.png",1536,1024,false],"thumbnail":["https:\/\/www.conwastepr.com\/wp-content\/uploads\/2026\/03\/E5BF3678-A0E6-4231-8E98-96D8B7DE7E80-150x150.png",150,150,true],"medium":["https:\/\/www.conwastepr.com\/wp-content\/uploads\/2026\/03\/E5BF3678-A0E6-4231-8E98-96D8B7DE7E80-300x200.png",300,200,true],"medium_large":["https:\/\/www.conwastepr.com\/wp-content\/uploads\/2026\/03\/E5BF3678-A0E6-4231-8E98-96D8B7DE7E80-768x512.png",640,427,true],"large":["https:\/\/www.conwastepr.com\/wp-content\/uploads\/2026\/03\/E5BF3678-A0E6-4231-8E98-96D8B7DE7E80-1024x683.png",640,427,true],"elegant_blocks_team_1":["https:\/\/www.conwastepr.com\/wp-content\/uploads\/2026\/03\/E5BF3678-A0E6-4231-8E98-96D8B7DE7E80-500x500.png",500,500,true],"elegant_blocks_blog_1":["https:\/\/www.conwastepr.com\/wp-content\/uploads\/2026\/03\/E5BF3678-A0E6-4231-8E98-96D8B7DE7E80-693x462.png",693,462,true],"elegant_blocks_slider_1":["https:\/\/www.conwastepr.com\/wp-content\/uploads\/2026\/03\/E5BF3678-A0E6-4231-8E98-96D8B7DE7E80-1536x1000.png",1536,1000,true],"1536x1536":["https:\/\/www.conwastepr.com\/wp-content\/uploads\/2026\/03\/E5BF3678-A0E6-4231-8E98-96D8B7DE7E80.png",1536,1024,false],"2048x2048":["https:\/\/www.conwastepr.com\/wp-content\/uploads\/2026\/03\/E5BF3678-A0E6-4231-8E98-96D8B7DE7E80.png",1536,1024,false],"trp-custom-language-flag":["https:\/\/www.conwastepr.com\/wp-content\/uploads\/2026\/03\/E5BF3678-A0E6-4231-8E98-96D8B7DE7E80-18x12.png",18,12,true],"bizberg_medium":["https:\/\/www.conwastepr.com\/wp-content\/uploads\/2026\/03\/E5BF3678-A0E6-4231-8E98-96D8B7DE7E80-300x300.png",300,300,true],"bizberg_gallery":["https:\/\/www.conwastepr.com\/wp-content\/uploads\/2026\/03\/E5BF3678-A0E6-4231-8E98-96D8B7DE7E80-500x400.png",500,400,true],"bizberg_blog_list":["https:\/\/www.conwastepr.com\/wp-content\/uploads\/2026\/03\/E5BF3678-A0E6-4231-8E98-96D8B7DE7E80-368x240.png",368,240,true],"bizberg_detail_image":["https:\/\/www.conwastepr.com\/wp-content\/uploads\/2026\/03\/E5BF3678-A0E6-4231-8E98-96D8B7DE7E80-825x400.png",825,400,true],"bizberg_portfolio_homepage":["https:\/\/www.conwastepr.com\/wp-content\/uploads\/2026\/03\/E5BF3678-A0E6-4231-8E98-96D8B7DE7E80-600x400.png",600,400,true],"bizberg_blog_list_no_sidebar_1":["https:\/\/www.conwastepr.com\/wp-content\/uploads\/2026\/03\/E5BF3678-A0E6-4231-8E98-96D8B7DE7E80-220x190.png",220,190,true],"bizberg_detail_image_no_sidebar":["https:\/\/www.conwastepr.com\/wp-content\/uploads\/2026\/03\/E5BF3678-A0E6-4231-8E98-96D8B7DE7E80-920x400.png",920,400,true]},"uagb_author_info":{"display_name":"jesparra","author_link":"https:\/\/www.conwastepr.com\/es\/author\/jesparra\/"},"uagb_comment_info":0,"uagb_excerpt":"30+ A\u00f1os De Experiencia y Liderazgo en la Isla 700,000+ Hogares servidos semanalmente 6,500+ Clientes Comerciales e Industriales 3,000+ Clientes Biom\u00e9dicos Desde el recogido comercial hasta el procesamiento biom\u00e9dico, garantizamos eficiencia, puntualidad y cumplimiento ambiental. Eleve el est\u00e1ndar de su operaci\u00f3n. Ponemos a su disposici\u00f3n flota y contenedores de diversos tama\u00f1os para entrega inmediata, adapt\u00e1ndonos&hellip;","_links":{"self":[{"href":"https:\/\/www.conwastepr.com\/es\/wp-json\/wp\/v2\/pages\/48","targetHints":{"allow":["GET"]}}],"collection":[{"href":"https:\/\/www.conwastepr.com\/es\/wp-json\/wp\/v2\/pages"}],"about":[{"href":"https:\/\/www.conwastepr.com\/es\/wp-json\/wp\/v2\/types\/page"}],"author":[{"embeddable":true,"href":"https:\/\/www.conwastepr.com\/es\/wp-json\/wp\/v2\/users\/2"}],"replies":[{"embeddable":true,"href":"https:\/\/www.conwastepr.com\/es\/wp-json\/wp\/v2\/comments?post=48"}],"version-history":[{"count":138,"href":"https:\/\/www.conwastepr.com\/es\/wp-json\/wp\/v2\/pages\/48\/revisions"}],"predecessor-version":[{"id":1356,"href":"https:\/\/www.conwastepr.com\/es\/wp-json\/wp\/v2\/pages\/48\/revisions\/1356"}],"wp:featuredmedia":[{"embeddable":true,"href":"https:\/\/www.conwastepr.com\/es\/wp-json\/wp\/v2\/media\/1319"}],"wp:attachment":[{"href":"https:\/\/www.conwastepr.com\/es\/wp-json\/wp\/v2\/media?parent=48"}],"curies":[{"name":"wp","href":"https:\/\/api.w.org\/{rel}","templated":true}]}}